{"id":2955,"date":"2024-07-10T21:55:26","date_gmt":"2024-07-10T19:55:26","guid":{"rendered":"https:\/\/choralies.fr\/team\/"},"modified":"2024-09-11T11:43:09","modified_gmt":"2024-09-11T09:43:09","slug":"team","status":"publish","type":"page","link":"https:\/\/choralies.fr\/en\/team\/","title":{"rendered":"Team"},"content":{"rendered":"\t\t<div data-elementor-type=\"wp-page\" data-elementor-id=\"2955\" class=\"elementor elementor-2955 elementor-118\" data-elementor-post-type=\"page\">\n\t\t\t\t<div class=\"elementor-element elementor-element-64f4785 e-flex e-con-boxed e-con e-parent\" data-id=\"64f4785\" data-element_type=\"container\" data-e-type=\"container\" data-settings=\"{&quot;background_background&quot;:&quot;classic&quot;}\">\n\t\t\t\t\t<div class=\"e-con-inner\">\n\t\t\t\t<div class=\"elementor-element elementor-element-a2b29b9 elementor-widget elementor-widget-heading\" data-id=\"a2b29b9\" data-element_type=\"widget\" data-e-type=\"widget\" data-widget_type=\"heading.default\">\n\t\t\t\t<div class=\"elementor-widget-container\">\n\t\t\t\t\t<h1 class=\"elementor-heading-title elementor-size-default\">The Team<\/h1>\t\t\t\t<\/div>\n\t\t\t\t<\/div>\n\t\t\t\t<div class=\"elementor-element elementor-element-d6f5562 elementor-widget elementor-widget-heading\" data-id=\"d6f5562\" data-element_type=\"widget\" data-e-type=\"widget\" data-widget_type=\"heading.default\">\n\t\t\t\t<div class=\"elementor-widget-container\">\n\t\t\t\t\t<p class=\"elementor-heading-title elementor-size-default\">The festival is an initiative of the \u00c0 C\u0153ur Joie association. It is organised by a team of volunteers and professionals.<\/p>\t\t\t\t<\/div>\n\t\t\t\t<\/div>\n\t\t\t\t\t<\/div>\n\t\t\t\t<\/div>\n\t\t<div class=\"elementor-element elementor-element-d2b4e9f e-flex e-con-boxed e-con e-parent\" data-id=\"d2b4e9f\" data-element_type=\"container\" data-e-type=\"container\">\n\t\t\t\t\t<div class=\"e-con-inner\">\n\t\t<div class=\"elementor-element elementor-element-5391fa6 e-con-full e-flex e-con e-child\" data-id=\"5391fa6\" data-element_type=\"container\" data-e-type=\"container\">\n\t\t\t\t<div class=\"elementor-element elementor-element-fa90b2f elementor-widget elementor-widget-heading\" data-id=\"fa90b2f\" data-element_type=\"widget\" data-e-type=\"widget\" data-widget_type=\"heading.default\">\n\t\t\t\t<div class=\"elementor-widget-container\">\n\t\t\t\t\t<h2 class=\"elementor-heading-title elementor-size-default\">Festival Management<\/h2>\t\t\t\t<\/div>\n\t\t\t\t<\/div>\n\t\t\t\t<div class=\"elementor-element elementor-element-94c7a27 elementor-widget elementor-widget-text-editor\" data-id=\"94c7a27\" data-element_type=\"widget\" data-e-type=\"widget\" data-widget_type=\"text-editor.default\">\n\t\t\t\t<div class=\"elementor-widget-container\">\n\t\t\t\t\t\t\t\t\t<p><span style=\"font-weight: 400;\">President of \u00c0 C\u0153ur Joie: Alain Louisot<\/span><\/p>\n<p><span style=\"font-weight: 400;\">Director of \u00c0 C\u0153ur Joie: C\u00f4me Ferrand Cooper<\/span><\/p>\n<p><span style=\"font-weight: 400;\">Festival Operations Director: Bertrand Cabut<\/span><\/p>\n\t\t\t\t\t\t\t\t<\/div>\n\t\t\t\t<\/div>\n\t\t\t\t<\/div>\n\t\t<div class=\"elementor-element elementor-element-19f6ece e-con-full e-flex e-con e-child\" data-id=\"19f6ece\" data-element_type=\"container\" data-e-type=\"container\">\n\t\t\t\t<div class=\"elementor-element elementor-element-9996222 elementor-widget elementor-widget-heading\" data-id=\"9996222\" data-element_type=\"widget\" data-e-type=\"widget\" data-widget_type=\"heading.default\">\n\t\t\t\t<div class=\"elementor-widget-container\">\n\t\t\t\t\t<h2 class=\"elementor-heading-title elementor-size-default\">Music Commission<\/h2>\t\t\t\t<\/div>\n\t\t\t\t<\/div>\n\t\t\t\t<div class=\"elementor-element elementor-element-68389fd elementor-widget elementor-widget-text-editor\" data-id=\"68389fd\" data-element_type=\"widget\" data-e-type=\"widget\" data-widget_type=\"text-editor.default\">\n\t\t\t\t<div class=\"elementor-widget-container\">\n\t\t\t\t\t\t\t\t\t<p><span style=\"font-weight: 400;\">The artistic programme is designed by the Music Commission of the \u00c0 C\u0153ur Joie association.<\/span><\/p>\n<p><span style=\"font-weight: 400;\">For this edition, the contributors include C\u00e9line Morel, Laetitia Toulouse, Fanja Rahajason, Alain Louisot, Jean-Louis Comoretto, Gautier Lemoine, Mathias Charton, Vincent Nommay, and C\u00f4me Ferrand Cooper.<\/span><\/p>\n<p><span style=\"font-weight: 400;\">A big thank you to everyone who suggested and proposed ateliers and concert ideas from France and beyond!<\/span><\/p>\n\t\t\t\t\t\t\t\t<\/div>\n\t\t\t\t<\/div>\n\t\t\t\t<\/div>\n\t\t<div class=\"elementor-element elementor-element-167c2be e-con-full e-flex e-con e-child\" data-id=\"167c2be\" data-element_type=\"container\" data-e-type=\"container\">\n\t\t\t\t<div class=\"elementor-element elementor-element-46b48ed elementor-widget elementor-widget-heading\" data-id=\"46b48ed\" data-element_type=\"widget\" data-e-type=\"widget\" data-widget_type=\"heading.default\">\n\t\t\t\t<div class=\"elementor-widget-container\">\n\t\t\t\t\t<h2 class=\"elementor-heading-title elementor-size-default\">Coordination Team<\/h2>\t\t\t\t<\/div>\n\t\t\t\t<\/div>\n\t\t\t\t<div class=\"elementor-element elementor-element-c461692 elementor-widget elementor-widget-text-editor\" data-id=\"c461692\" data-element_type=\"widget\" data-e-type=\"widget\" data-widget_type=\"text-editor.default\">\n\t\t\t\t<div class=\"elementor-widget-container\">\n\t\t\t\t\t\t\t\t\t<p><span style=\"font-weight: 400;\">They prepare the festival\u2019s implementation over a period of two years.<\/span><\/p>\n<p><span style=\"font-weight: 400;\">Bertrand Cabut, Olivier Cl\u00e9ment, V\u00e9ronique Caspar-Fille-Lambie, Pierre Pobel, Pierre-Jean Souriac, Alain Louisot, C\u00e9cile Chizelle-Labrosse, C\u00f4me Ferrand Cooper<\/span><\/p>\n\t\t\t\t\t\t\t\t<\/div>\n\t\t\t\t<\/div>\n\t\t\t\t<\/div>\n\t\t<div class=\"elementor-element elementor-element-b494bfc e-con-full e-flex e-con e-child\" data-id=\"b494bfc\" data-element_type=\"container\" data-e-type=\"container\">\n\t\t\t\t<div class=\"elementor-element elementor-element-65a3f7c elementor-widget elementor-widget-heading\" data-id=\"65a3f7c\" data-element_type=\"widget\" data-e-type=\"widget\" data-widget_type=\"heading.default\">\n\t\t\t\t<div class=\"elementor-widget-container\">\n\t\t\t\t\t<h2 class=\"elementor-heading-title elementor-size-default\">Operationnal Service Managers<\/h2>\t\t\t\t<\/div>\n\t\t\t\t<\/div>\n\t\t\t\t<div class=\"elementor-element elementor-element-7542ff4 elementor-widget elementor-widget-text-editor\" data-id=\"7542ff4\" data-element_type=\"widget\" data-e-type=\"widget\" data-widget_type=\"text-editor.default\">\n\t\t\t\t<div class=\"elementor-widget-container\">\n\t\t\t\t\t\t\t\t\t<p><span style=\"font-weight: 400;\">The 450 volunteers are supervised by service managers and their assistants. Most are volunteers and contribute their expertise, time, and good humour to the success of the festival! <\/span><\/p>\n<ul>\n<li style=\"font-weight: 400;\" aria-level=\"1\"><span style=\"font-weight: 400;\">P\u00f4le Production Musique : Olivier Cl\u00e9ment, Ludivine Debacq, Sylvie Nody, Evelyne Gardaix, Fabienne Cauquil<\/span><\/li>\n<li style=\"font-weight: 400;\" aria-level=\"1\"><span style=\"font-weight: 400;\">P\u00f4le Concerts : Juliette Wagner, Adrien Pottier, Audrey Bourbon, Fran\u00e7ois Clair, St\u00e9phan Morschhauser, Estelle Baudet-Magnin, Sabrina Brahimi<\/span><\/li>\n<li style=\"font-weight: 400;\" aria-level=\"1\"><span style=\"font-weight: 400;\">P\u00f4le Activit\u00e9s : V\u00e9ronique Caspar-Fille-Lambie, Andr\u00e9 Durbec, Lucie Grisonnet, Pierre-Jean Souriac, Michelle Blanchoz, Rapha\u00ebl Jacquin, <\/span><\/li>\n<li style=\"font-weight: 400;\" aria-level=\"1\"><span style=\"font-weight: 400;\">Pole Logistique : Fran\u00e7ois Buchot, Sylvie Buchot, Laurent Mulet, Marie Mulet, Nicolas Thi\u00e9baut, Florence Thi\u00e9baut, Ambroise Caspar-Fille-Lambie, St\u00e9phanie Feug\u00e8re, Dominique Cl\u00e9ment, Jean-Luc Pitoizet,, Herv\u00e9 Wallon. Didier Reversat <\/span><\/li>\n<li style=\"font-weight: 400;\" aria-level=\"1\"><span style=\"font-weight: 400;\">P\u00f4le Administratif : Chantal Bonnet, Michel Bonnet, Chlo\u00e9 Lemke-Garsault, Sophie Raucoules, Pierre Pobel, Bertrand Cabut <\/span><\/li>\n<\/ul>\n\t\t\t\t\t\t\t\t<\/div>\n\t\t\t\t<\/div>\n\t\t\t\t<\/div>\n\t\t<div class=\"elementor-element elementor-element-2c3334a e-con-full e-flex e-con e-child\" data-id=\"2c3334a\" data-element_type=\"container\" data-e-type=\"container\">\n\t\t\t\t<div class=\"elementor-element elementor-element-c7e0cea elementor-widget elementor-widget-heading\" data-id=\"c7e0cea\" data-element_type=\"widget\" data-e-type=\"widget\" data-widget_type=\"heading.default\">\n\t\t\t\t<div class=\"elementor-widget-container\">\n\t\t\t\t\t<h2 class=\"elementor-heading-title elementor-size-default\">Association \u00c0 C\u0153ur Joie<\/h2>\t\t\t\t<\/div>\n\t\t\t\t<\/div>\n\t\t\t\t<div class=\"elementor-element elementor-element-ce3fb24 elementor-widget elementor-widget-text-editor\" data-id=\"ce3fb24\" data-element_type=\"widget\" data-e-type=\"widget\" data-widget_type=\"text-editor.default\">\n\t\t\t\t<div class=\"elementor-widget-container\">\n\t\t\t\t\t\t\t\t\t<p>The entire association is mobilised to make this key moment in choral music come to life in France.<\/p>\n<h3>Board of Directors<\/h3>\n<p>Alain Louisot (President), Dominique Michaut-Alchourroun (Vice-President), C\u00e9cile David (Treasurer), Olivier Blanchoz, Fran\u00e7ois Buchot, Pierre D&#8217;Houtaud, Bernard Schutz, and Pierre-G\u00e9rard Verny.<\/p>\n<h3>Management<\/h3>\n<p>C\u00f4me Ferrand Cooper<\/p>\n<h3>Communication<\/h3>\n<p>Adeline Marconnet : Responsable Communication<\/p>\n<p>Lucie Dav\u00e8ne : Communication<\/p>\n<h3>Artistic Production<\/h3>\n<p>Anne-Marie Cabut: Artistic Coordination<\/p>\n<p>C\u00e9cile Chizelle-Labrosse: Production<\/p>\n<p>R\u00e9mi Stach: Production Assistant<\/p>\n<p>Coraline Moyroud: Accomodation and logistics<\/p>\n<h3>Choralies Registration Service<\/h3>\n<p>Marie Dubu : Charg\u00e9e de D\u00e9veloppement, Ch\u0153ur National des Jeunes<\/p>\n<h3>Accompagnement associatif<\/h3>\n<p>Xavier Denaiffe : Charg\u00e9 de d\u00e9veloppement<\/p>\n<h3>Accounting<\/h3>\n<p>Corinne Birken: Accounting and Management<\/p>\n<p>Karima Pelletier: Accounting Assistant<\/p>\n<p>And all the teams from the regional centres and affiliated choirs.<\/p>\n<h3>\u00c9ditions \u00c0 C\u0153ur Joie<\/h3>\n<p>Gautier Lemoine : Directeur \u00c9ditions \u00c0 C\u0153ur Joie<\/p>\n<p>Delphine Audibert : Production, \u00c9ditions \u00c0 C\u0153ur Joie<\/p>\n<p>Agn\u00e8s Guedin : Comptable, \u00c9ditions \u00c0 C\u0153ur Joie<\/p>\n\t\t\t\t\t\t\t\t<\/div>\n\t\t\t\t<\/div>\n\t\t\t\t<\/div>\n\t\t\t\t\t<\/div>\n\t\t\t\t<\/div>\n\t\t\t\t<\/div>\n\t\t","protected":false},"excerpt":{"rendered":"<p>The Team The festival is an initiative of the \u00c0 C\u0153ur Joie association. It is organised by a team of volunteers and professionals. Festival Management President of \u00c0 C\u0153ur Joie: Alain Louisot Director of \u00c0 C\u0153ur Joie: C\u00f4me Ferrand Cooper Festival Operations Director: Bertrand Cabut Music Commission The artistic programme is designed by the Music [&hellip;]<\/p>\n","protected":false},"author":1,"featured_media":4218,"parent":0,"menu_order":0,"comment_status":"closed","ping_status":"closed","template":"elementor_header_footer","meta":{"_acf_changed":false,"footnotes":""},"class_list":["post-2955","page","type-page","status-publish","has-post-thumbnail","hentry"],"acf":[],"yoast_head":"<!-- This site is optimized with the Yoast SEO Premium plugin v25.5 (Yoast SEO v27.1.1) - https:\/\/yoast.com\/product\/yoast-seo-premium-wordpress\/ -->\n<title>Team - Choralies 2025<\/title>\n<meta name=\"robots\" content=\"index, follow, max-snippet:-1, max-image-preview:large, max-video-preview:-1\" \/>\n<link rel=\"canonical\" href=\"https:\/\/choralies.fr\/en\/team\/\" \/>\n<meta property=\"og:locale\" content=\"en_US\" \/>\n<meta property=\"og:type\" content=\"article\" \/>\n<meta property=\"og:title\" content=\"Team\" \/>\n<meta property=\"og:description\" content=\"The Team The festival is an initiative of the \u00c0 C\u0153ur Joie association. It is organised by a team of volunteers and professionals. Festival Management President of \u00c0 C\u0153ur Joie: Alain Louisot Director of \u00c0 C\u0153ur Joie: C\u00f4me Ferrand Cooper Festival Operations Director: Bertrand Cabut Music Commission The artistic programme is designed by the Music [&hellip;]\" \/>\n<meta property=\"og:url\" content=\"https:\/\/choralies.fr\/en\/team\/\" \/>\n<meta property=\"og:site_name\" content=\"Choralies 2025\" \/>\n<meta property=\"article:modified_time\" content=\"2024-09-11T09:43:09+00:00\" \/>\n<meta property=\"og:image\" content=\"https:\/\/choralies.fr\/wp-content\/uploads\/BANNIERE-1920x1080-optimise.jpg\" \/>\n\t<meta property=\"og:image:width\" content=\"1920\" \/>\n\t<meta property=\"og:image:height\" content=\"1080\" \/>\n\t<meta property=\"og:image:type\" content=\"image\/jpeg\" \/>\n<meta name=\"twitter:card\" content=\"summary_large_image\" \/>\n<meta name=\"twitter:label1\" content=\"Est. reading time\" \/>\n\t<meta name=\"twitter:data1\" content=\"2 minutes\" \/>\n<script type=\"application\/ld+json\" class=\"yoast-schema-graph\">{\"@context\":\"https:\/\/schema.org\",\"@graph\":[{\"@type\":\"WebPage\",\"@id\":\"https:\/\/choralies.fr\/en\/team\/\",\"url\":\"https:\/\/choralies.fr\/en\/team\/\",\"name\":\"Team - Choralies 2025\",\"isPartOf\":{\"@id\":\"https:\/\/choralies.fr\/en\/#website\"},\"primaryImageOfPage\":{\"@id\":\"https:\/\/choralies.fr\/en\/team\/#primaryimage\"},\"image\":{\"@id\":\"https:\/\/choralies.fr\/en\/team\/#primaryimage\"},\"thumbnailUrl\":\"https:\/\/choralies.fr\/wp-content\/uploads\/BANNIERE-1920x1080-optimise.jpg\",\"datePublished\":\"2024-07-10T19:55:26+00:00\",\"dateModified\":\"2024-09-11T09:43:09+00:00\",\"breadcrumb\":{\"@id\":\"https:\/\/choralies.fr\/en\/team\/#breadcrumb\"},\"inLanguage\":\"en-US\",\"potentialAction\":[{\"@type\":\"ReadAction\",\"target\":[\"https:\/\/choralies.fr\/en\/team\/\"]}]},{\"@type\":\"ImageObject\",\"inLanguage\":\"en-US\",\"@id\":\"https:\/\/choralies.fr\/en\/team\/#primaryimage\",\"url\":\"https:\/\/choralies.fr\/wp-content\/uploads\/BANNIERE-1920x1080-optimise.jpg\",\"contentUrl\":\"https:\/\/choralies.fr\/wp-content\/uploads\/BANNIERE-1920x1080-optimise.jpg\",\"width\":1920,\"height\":1080},{\"@type\":\"BreadcrumbList\",\"@id\":\"https:\/\/choralies.fr\/en\/team\/#breadcrumb\",\"itemListElement\":[{\"@type\":\"ListItem\",\"position\":1,\"name\":\"Accueil\",\"item\":\"https:\/\/choralies.fr\/en\/\"},{\"@type\":\"ListItem\",\"position\":2,\"name\":\"Team\"}]},{\"@type\":\"WebSite\",\"@id\":\"https:\/\/choralies.fr\/en\/#website\",\"url\":\"https:\/\/choralies.fr\/en\/\",\"name\":\"Choralies 2025\",\"description\":\"Le festival choral pas comme les autres\",\"publisher\":{\"@id\":\"https:\/\/choralies.fr\/en\/#organization\"},\"potentialAction\":[{\"@type\":\"SearchAction\",\"target\":{\"@type\":\"EntryPoint\",\"urlTemplate\":\"https:\/\/choralies.fr\/en\/?s={search_term_string}\"},\"query-input\":{\"@type\":\"PropertyValueSpecification\",\"valueRequired\":true,\"valueName\":\"search_term_string\"}}],\"inLanguage\":\"en-US\"},{\"@type\":\"Organization\",\"@id\":\"https:\/\/choralies.fr\/en\/#organization\",\"name\":\"Choralies 2025\",\"url\":\"https:\/\/choralies.fr\/en\/\",\"logo\":{\"@type\":\"ImageObject\",\"inLanguage\":\"en-US\",\"@id\":\"https:\/\/choralies.fr\/en\/#\/schema\/logo\/image\/\",\"url\":\"\",\"contentUrl\":\"\",\"caption\":\"Choralies 2025\"},\"image\":{\"@id\":\"https:\/\/choralies.fr\/en\/#\/schema\/logo\/image\/\"}}]}<\/script>\n<!-- \/ Yoast SEO Premium plugin. -->","yoast_head_json":{"title":"Team - Choralies 2025","robots":{"index":"index","follow":"follow","max-snippet":"max-snippet:-1","max-image-preview":"max-image-preview:large","max-video-preview":"max-video-preview:-1"},"canonical":"https:\/\/choralies.fr\/en\/team\/","og_locale":"en_US","og_type":"article","og_title":"Team","og_description":"The Team The festival is an initiative of the \u00c0 C\u0153ur Joie association. It is organised by a team of volunteers and professionals. Festival Management President of \u00c0 C\u0153ur Joie: Alain Louisot Director of \u00c0 C\u0153ur Joie: C\u00f4me Ferrand Cooper Festival Operations Director: Bertrand Cabut Music Commission The artistic programme is designed by the Music [&hellip;]","og_url":"https:\/\/choralies.fr\/en\/team\/","og_site_name":"Choralies 2025","article_modified_time":"2024-09-11T09:43:09+00:00","og_image":[{"width":1920,"height":1080,"url":"https:\/\/choralies.fr\/wp-content\/uploads\/BANNIERE-1920x1080-optimise.jpg","type":"image\/jpeg"}],"twitter_card":"summary_large_image","twitter_misc":{"Est. reading time":"2 minutes"},"schema":{"@context":"https:\/\/schema.org","@graph":[{"@type":"WebPage","@id":"https:\/\/choralies.fr\/en\/team\/","url":"https:\/\/choralies.fr\/en\/team\/","name":"Team - Choralies 2025","isPartOf":{"@id":"https:\/\/choralies.fr\/en\/#website"},"primaryImageOfPage":{"@id":"https:\/\/choralies.fr\/en\/team\/#primaryimage"},"image":{"@id":"https:\/\/choralies.fr\/en\/team\/#primaryimage"},"thumbnailUrl":"https:\/\/choralies.fr\/wp-content\/uploads\/BANNIERE-1920x1080-optimise.jpg","datePublished":"2024-07-10T19:55:26+00:00","dateModified":"2024-09-11T09:43:09+00:00","breadcrumb":{"@id":"https:\/\/choralies.fr\/en\/team\/#breadcrumb"},"inLanguage":"en-US","potentialAction":[{"@type":"ReadAction","target":["https:\/\/choralies.fr\/en\/team\/"]}]},{"@type":"ImageObject","inLanguage":"en-US","@id":"https:\/\/choralies.fr\/en\/team\/#primaryimage","url":"https:\/\/choralies.fr\/wp-content\/uploads\/BANNIERE-1920x1080-optimise.jpg","contentUrl":"https:\/\/choralies.fr\/wp-content\/uploads\/BANNIERE-1920x1080-optimise.jpg","width":1920,"height":1080},{"@type":"BreadcrumbList","@id":"https:\/\/choralies.fr\/en\/team\/#breadcrumb","itemListElement":[{"@type":"ListItem","position":1,"name":"Accueil","item":"https:\/\/choralies.fr\/en\/"},{"@type":"ListItem","position":2,"name":"Team"}]},{"@type":"WebSite","@id":"https:\/\/choralies.fr\/en\/#website","url":"https:\/\/choralies.fr\/en\/","name":"Choralies 2025","description":"Le festival choral pas comme les autres","publisher":{"@id":"https:\/\/choralies.fr\/en\/#organization"},"potentialAction":[{"@type":"SearchAction","target":{"@type":"EntryPoint","urlTemplate":"https:\/\/choralies.fr\/en\/?s={search_term_string}"},"query-input":{"@type":"PropertyValueSpecification","valueRequired":true,"valueName":"search_term_string"}}],"inLanguage":"en-US"},{"@type":"Organization","@id":"https:\/\/choralies.fr\/en\/#organization","name":"Choralies 2025","url":"https:\/\/choralies.fr\/en\/","logo":{"@type":"ImageObject","inLanguage":"en-US","@id":"https:\/\/choralies.fr\/en\/#\/schema\/logo\/image\/","url":"","contentUrl":"","caption":"Choralies 2025"},"image":{"@id":"https:\/\/choralies.fr\/en\/#\/schema\/logo\/image\/"}}]}},"_links":{"self":[{"href":"https:\/\/choralies.fr\/en\/wp-json\/wp\/v2\/pages\/2955","targetHints":{"allow":["GET"]}}],"collection":[{"href":"https:\/\/choralies.fr\/en\/wp-json\/wp\/v2\/pages"}],"about":[{"href":"https:\/\/choralies.fr\/en\/wp-json\/wp\/v2\/types\/page"}],"author":[{"embeddable":true,"href":"https:\/\/choralies.fr\/en\/wp-json\/wp\/v2\/users\/1"}],"replies":[{"embeddable":true,"href":"https:\/\/choralies.fr\/en\/wp-json\/wp\/v2\/comments?post=2955"}],"version-history":[{"count":4,"href":"https:\/\/choralies.fr\/en\/wp-json\/wp\/v2\/pages\/2955\/revisions"}],"predecessor-version":[{"id":3427,"href":"https:\/\/choralies.fr\/en\/wp-json\/wp\/v2\/pages\/2955\/revisions\/3427"}],"wp:featuredmedia":[{"embeddable":true,"href":"https:\/\/choralies.fr\/en\/wp-json\/wp\/v2\/media\/4218"}],"wp:attachment":[{"href":"https:\/\/choralies.fr\/en\/wp-json\/wp\/v2\/media?parent=2955"}],"curies":[{"name":"wp","href":"https:\/\/api.w.org\/{rel}","templated":true}]}}