{"id":4138,"date":"2024-07-10T21:16:25","date_gmt":"2024-07-10T19:16:25","guid":{"rendered":"https:\/\/choralies.fr\/access-accommodation-and-catering\/"},"modified":"2025-07-21T23:31:39","modified_gmt":"2025-07-21T21:31:39","slug":"access-accommodation-and-catering","status":"publish","type":"page","link":"https:\/\/choralies.fr\/en\/access-accommodation-and-catering\/","title":{"rendered":"Access"},"content":{"rendered":"\t\t<div data-elementor-type=\"wp-page\" data-elementor-id=\"4138\" class=\"elementor elementor-4138 elementor-47\" data-elementor-post-type=\"page\">\n\t\t\t\t<div class=\"elementor-element elementor-element-9b30e66 e-flex e-con-boxed e-con e-parent\" data-id=\"9b30e66\" data-element_type=\"container\" data-e-type=\"container\" data-settings=\"{&quot;background_background&quot;:&quot;classic&quot;}\">\n\t\t\t\t\t<div class=\"e-con-inner\">\n\t\t\t\t<div class=\"elementor-element elementor-element-16d00c1 elementor-widget elementor-widget-heading\" data-id=\"16d00c1\" data-element_type=\"widget\" data-e-type=\"widget\" data-widget_type=\"heading.default\">\n\t\t\t\t<div class=\"elementor-widget-container\">\n\t\t\t\t\t<h1 class=\"elementor-heading-title elementor-size-default\">Access<\/h1>\t\t\t\t<\/div>\n\t\t\t\t<\/div>\n\t\t\t\t\t<\/div>\n\t\t\t\t<\/div>\n\t\t<div class=\"elementor-element elementor-element-2c003c1 e-flex e-con-boxed e-con e-parent\" data-id=\"2c003c1\" data-element_type=\"container\" data-e-type=\"container\">\n\t\t\t\t\t<div class=\"e-con-inner\">\n\t\t\t\t<div class=\"elementor-element elementor-element-ee07881 elementor-widget-tablet__width-initial elementor-widget elementor-widget-heading\" data-id=\"ee07881\" data-element_type=\"widget\" data-e-type=\"widget\" data-widget_type=\"heading.default\">\n\t\t\t\t<div class=\"elementor-widget-container\">\n\t\t\t\t\t<p class=\"elementor-heading-title elementor-size-default\">Here you'll find all the logistical information you need to prepare your Choralies!<\/p>\t\t\t\t<\/div>\n\t\t\t\t<\/div>\n\t\t\t\t\t<\/div>\n\t\t\t\t<\/div>\n\t\t<div class=\"elementor-element elementor-element-760fe2e e-flex e-con-boxed e-con e-parent\" data-id=\"760fe2e\" data-element_type=\"container\" data-e-type=\"container\">\n\t\t\t\t\t<div class=\"e-con-inner\">\n\t\t<div class=\"elementor-element elementor-element-1575065 e-con-full e-flex e-con e-child\" data-id=\"1575065\" data-element_type=\"container\" data-e-type=\"container\">\n\t\t\t\t<div class=\"elementor-element elementor-element-d1e785d elementor-widget elementor-widget-heading\" data-id=\"d1e785d\" data-element_type=\"widget\" data-e-type=\"widget\" data-widget_type=\"heading.default\">\n\t\t\t\t<div class=\"elementor-widget-container\">\n\t\t\t\t\t<h2 class=\"elementor-heading-title elementor-size-default\">Getting to Vaison-la-Romaine<\/h2>\t\t\t\t<\/div>\n\t\t\t\t<\/div>\n\t\t\t\t<div class=\"elementor-element elementor-element-36d5088 elementor-widget elementor-widget-text-editor\" data-id=\"36d5088\" data-element_type=\"widget\" data-e-type=\"widget\" data-widget_type=\"text-editor.default\">\n\t\t\t\t<div class=\"elementor-widget-container\">\n\t\t\t\t\t\t\t\t\t<p><span style=\"text-decoration: underline;\"><strong><a href=\"https:\/\/www.vaison-ventoux-provence.com\/pratique\/comment-venir\/\">Find out more about the Tourist Office here.<\/a><\/strong><\/span><\/p>\t\t\t\t\t\t\t\t<\/div>\n\t\t\t\t<\/div>\n\t\t\t\t<div class=\"elementor-element elementor-element-00a0cf8 elementor-widget elementor-widget-text-editor\" data-id=\"00a0cf8\" data-element_type=\"widget\" data-e-type=\"widget\" data-widget_type=\"text-editor.default\">\n\t\t\t\t<div class=\"elementor-widget-container\">\n\t\t\t\t\t\t\t\t\t<p><span style=\"font-weight: 400;\">By public transport<\/span><\/p>\t\t\t\t\t\t\t\t<\/div>\n\t\t\t\t<\/div>\n\t\t\t\t<div class=\"elementor-element elementor-element-2ac31c7 elementor-widget elementor-widget-text-editor\" data-id=\"2ac31c7\" data-element_type=\"widget\" data-e-type=\"widget\" data-widget_type=\"text-editor.default\">\n\t\t\t\t<div class=\"elementor-widget-container\">\n\t\t\t\t\t\t\t\t\t<p><span style=\"font-weight: 400;\">Vaison-la-Romaine is served by regular bus services from<\/span><\/p><ul><li style=\"font-weight: 400;\" aria-level=\"1\"><span style=\"font-weight: 400;\">&#8220;Orange&#8221; station<\/span><\/li><li style=\"font-weight: 400;\" aria-level=\"1\"><span style=\"font-weight: 400;\">&#8220;Avignon&#8221; stations (center and TGV)<\/span><\/li><li style=\"font-weight: 400;\" aria-level=\"1\"><span style=\"font-weight: 400;\">&#8220;Carpentras&#8221; station.<\/span><\/li><\/ul><p><span style=\"font-weight: 400;\">Orange and Avignon stations are served by TGV (high speed trains) and conventional trains<\/span><\/p><ul><li style=\"font-weight: 400;\" aria-level=\"1\"><span style=\"font-weight: 400;\">from many of France&#8217;s major cities<\/span><\/li><li style=\"font-weight: 400;\" aria-level=\"1\"><span style=\"font-weight: 400;\">from <\/span><b>airports <\/b><span style=\"font-weight: 400;\">of<\/span><ul><li style=\"font-weight: 400;\" aria-level=\"2\"><span style=\"font-weight: 400;\">Lyon Saint Exup\u00e9ry <\/span><a href=\"https:\/\/www.lyonaeroports.com\/\"><span style=\"font-weight: 400;\">https:\/\/www.lyonaeroports.com\/<\/span><\/a><span style=\"font-weight: 400;\"> [attention: select &#8220;Lyon Saint-Exup\u00e9ry Tgv&#8221; station]<\/span><\/li><li style=\"font-weight: 400;\" aria-level=\"2\"><span style=\"font-weight: 400;\">Marseille Provence <\/span><a href=\"http:\/\/www.marseille.aeroport.fr\"><span style=\"font-weight: 400;\">www.marseille.aeroport.fr<\/span><\/a><span style=\"font-weight: 400;\"> [caution: select &#8220;Vitrolles &#8211; A\u00e9roport Marseille Provence&#8221; station].<\/span><\/li><\/ul><\/li><\/ul><p><a href=\"https:\/\/www.sncf-connect.com\/\"><span style=\"font-weight: 400;\">https:\/\/www.sncf-connect.com\/<\/span><\/a><span style=\"font-weight: 400;\"> <\/span><\/p><p><span style=\"font-weight: 400;\">Check bus timetables before choosing your train to avoid long waits.<\/span><\/p><p>Contact: vaison@cars-lieutaud.fr \/ Tel. : 04 90 36 05 22<\/p><p><a href=\"https:\/\/lieutaud.fr\/lignes-regulieres\/\">https:\/\/lieutaud.fr\/lignes-regulieres\/<\/a><\/p><div> <\/div>\t\t\t\t\t\t\t\t<\/div>\n\t\t\t\t<\/div>\n\t\t\t\t<div class=\"elementor-element elementor-element-b21e1fe elementor-widget elementor-widget-text-editor\" data-id=\"b21e1fe\" data-element_type=\"widget\" data-e-type=\"widget\" data-widget_type=\"text-editor.default\">\n\t\t\t\t<div class=\"elementor-widget-container\">\n\t\t\t\t\t\t\t\t\t<p><span style=\"font-weight: 400;\">By car<\/span><\/p>\t\t\t\t\t\t\t\t<\/div>\n\t\t\t\t<\/div>\n\t\t\t\t<div class=\"elementor-element elementor-element-24ee133 elementor-widget elementor-widget-text-editor\" data-id=\"24ee133\" data-element_type=\"widget\" data-e-type=\"widget\" data-widget_type=\"text-editor.default\">\n\t\t\t\t<div class=\"elementor-widget-container\">\n\t\t\t\t\t\t\t\t\t<ul><li><span style=\"font-weight: 400;\">A7 freeway from Valence, Boll\u00e8ne exit (Vaison 35 km)<\/span><\/li><li style=\"font-weight: 400;\" aria-level=\"1\"><span style=\"font-weight: 400;\">A7 freeway from Aix-en-Provence, Orange Sud exit (Vaison 30 km)<\/span><\/li><li style=\"font-weight: 400;\" aria-level=\"1\"><span style=\"font-weight: 400;\">A9 freeway from N\u00eemes, Orange Centre exit (Vaison 25 km)<\/span><\/li><\/ul><p> <\/p><p>Carpooling is strongly encouraged to limit the ecological impact of the festival and the number of cars immobilized in Vaison-la-Romaine. Suggest or search for your return journey on <a href=\"https:\/\/www.mobicoop.fr\/covoiturages-evenements\/7329\/Festival-Les-Choralies\">the page dedicated to the Choralies on the Mobicoop platform<\/a>! <\/p>\t\t\t\t\t\t\t\t<\/div>\n\t\t\t\t<\/div>\n\t\t\t\t<div class=\"elementor-element elementor-element-2ca8186 elementor-widget elementor-widget-heading\" data-id=\"2ca8186\" data-element_type=\"widget\" data-e-type=\"widget\" data-widget_type=\"heading.default\">\n\t\t\t\t<div class=\"elementor-widget-container\">\n\t\t\t\t\t<h2 class=\"elementor-heading-title elementor-size-default\">Parking in Vaison-la-Romaine<\/h2>\t\t\t\t<\/div>\n\t\t\t\t<\/div>\n\t\t\t\t<div class=\"elementor-element elementor-element-d24ad96 elementor-widget elementor-widget-text-editor\" data-id=\"d24ad96\" data-element_type=\"widget\" data-e-type=\"widget\" data-widget_type=\"text-editor.default\">\n\t\t\t\t<div class=\"elementor-widget-container\">\n\t\t\t\t\t\t\t\t\t<p><span style=\"font-weight: 400;\">We advise you to leave your car at home for the duration of the Choralies. If you want to get around Vaison-la-Romaine, you&#8217;ll find it much quicker on foot or by bike! Choralies en car&#8221; shuttle buses, free of charge for festival-goers, run at certain times to some of the sites (restaurant and workshop areas). Parking is available at Place Fran\u00e7ois Cevert, Place Georges Brassens, Quai Paul Gontard, Parking Saint-Quenin and at the Centre Escapade \u00c0 C\u0153ur Joie. All spaces are shared between Choralists, tourists and Vaisonnais residents: courtesy and patience are welcome.    <\/span><\/p><p><strong>ATTENTION market on Tuesdays in the town center.<\/strong><\/p>\t\t\t\t\t\t\t\t<\/div>\n\t\t\t\t<\/div>\n\t\t\t\t<\/div>\n\t\t<div class=\"elementor-element elementor-element-1b4d0cf e-con-full e-flex e-con e-child\" data-id=\"1b4d0cf\" data-element_type=\"container\" data-e-type=\"container\">\n\t\t\t\t<div class=\"elementor-element elementor-element-d03964f elementor-widget elementor-widget-image\" data-id=\"d03964f\" data-element_type=\"widget\" data-e-type=\"widget\" data-widget_type=\"image.default\">\n\t\t\t\t<div class=\"elementor-widget-container\">\n\t\t\t\t\t\t\t\t\t\t\t\t\t\t\t<img fetchpriority=\"high\" decoding=\"async\" width=\"540\" height=\"540\" src=\"https:\/\/choralies.fr\/wp-content\/uploads\/Vaison-la-Romaine.jpg\" class=\"attachment-large size-large wp-image-3339\" alt=\"\" srcset=\"https:\/\/choralies.fr\/wp-content\/uploads\/Vaison-la-Romaine.jpg 540w, https:\/\/choralies.fr\/wp-content\/uploads\/Vaison-la-Romaine-300x300.jpg 300w, https:\/\/choralies.fr\/wp-content\/uploads\/Vaison-la-Romaine-150x150.jpg 150w\" sizes=\"(max-width: 540px) 100vw, 540px\" \/>\t\t\t\t\t\t\t\t\t\t\t\t\t\t\t<\/div>\n\t\t\t\t<\/div>\n\t\t\t\t<\/div>\n\t\t\t\t\t<\/div>\n\t\t\t\t<\/div>\n\t\t<div class=\"elementor-element elementor-element-269d9c2 e-flex e-con-boxed e-con e-parent\" data-id=\"269d9c2\" data-element_type=\"container\" data-e-type=\"container\">\n\t\t\t\t\t<div class=\"e-con-inner\">\n\t\t\t\t<div class=\"elementor-element elementor-element-7f0fd4b elementor-widget elementor-widget-heading\" data-id=\"7f0fd4b\" data-element_type=\"widget\" data-e-type=\"widget\" data-widget_type=\"heading.default\">\n\t\t\t\t<div class=\"elementor-widget-container\">\n\t\t\t\t\t<h2 class=\"elementor-heading-title elementor-size-default\">Discover Vaison-la-Romaine and the surrounding area<\/h2>\t\t\t\t<\/div>\n\t\t\t\t<\/div>\n\t\t\t\t<div class=\"elementor-element elementor-element-ea0aab0 elementor-widget elementor-widget-text-editor\" data-id=\"ea0aab0\" data-element_type=\"widget\" data-e-type=\"widget\" data-widget_type=\"text-editor.default\">\n\t\t\t\t<div class=\"elementor-widget-container\">\n\t\t\t\t\t\t\t\t\t<p><span style=\"font-weight: 400;\">The Vaison-la-Romaine region offers a wide range of tourist, gastronomic, sporting and cultural activities. The tourist office has a list of accommodation on offer and will be able to guide you according to your needs and desires! <\/span><\/p><p><span style=\"font-weight: 400;\"> <\/span><span style=\"font-weight: 400;\">PAYS VAISON VENTOUX TOURIST OFFICE<\/span><span style=\"font-weight: 400;\"><br><\/span><span style=\"font-weight: 400;\"> Avenue du G\u00e9n\u00e9ral de Gaulle<\/span><span style=\"font-weight: 400;\"><br><\/span><span style=\"font-weight: 400;\"> Place du Chanoine Sautel<\/span><span style=\"font-weight: 400;\"><br><\/span><span style=\"font-weight: 400;\"> BP53 &#8211; 84110 Vaison-la-Romaine<\/span><\/p><p><span style=\"font-weight: 400;\">Tel. +33 4 90 36 02 11<\/span><span style=\"font-weight: 400;\"><br><\/span><a href=\"http:\/\/www.vaison-ventoux-tourisme.com\/\"><span style=\"font-weight: 400;\"> \nhttp:\/\/www.vaison-ventoux-tourisme.com\/<\/span><\/a><span style=\"font-weight: 400;\"> <\/span><\/p><p><span style=\"font-weight: 400;\">City website : <\/span><a href=\"http:\/\/www.vaison-la-romaine.com\/\"><span style=\"font-weight: 400;\">http:\/\/www.vaison-la-romaine.com\/<\/span><\/a><\/p>\t\t\t\t\t\t\t\t<\/div>\n\t\t\t\t<\/div>\n\t\t\t\t\t<\/div>\n\t\t\t\t<\/div>\n\t\t\t\t<\/div>\n\t\t","protected":false},"excerpt":{"rendered":"<p>Here you&#8217;ll find all the logistical information you need to prepare your Choralies!<\/p>\n","protected":false},"author":1,"featured_media":4218,"parent":0,"menu_order":0,"comment_status":"closed","ping_status":"closed","template":"elementor_header_footer","meta":{"_acf_changed":false,"footnotes":""},"class_list":["post-4138","page","type-page","status-publish","has-post-thumbnail","hentry"],"acf":[],"yoast_head":"<!-- This site is optimized with the Yoast SEO Premium plugin v25.5 (Yoast SEO v27.1.1) - https:\/\/yoast.com\/product\/yoast-seo-premium-wordpress\/ -->\n<title>Access - Choralies 2025<\/title>\n<meta name=\"robots\" content=\"index, follow, max-snippet:-1, max-image-preview:large, max-video-preview:-1\" \/>\n<link rel=\"canonical\" href=\"https:\/\/choralies.fr\/en\/access-accommodation-and-catering\/\" \/>\n<meta property=\"og:locale\" content=\"en_US\" \/>\n<meta property=\"og:type\" content=\"article\" \/>\n<meta property=\"og:title\" content=\"Access\" \/>\n<meta property=\"og:description\" content=\"Here you&#039;ll find all the logistical information you need to prepare your Choralies!\" \/>\n<meta property=\"og:url\" content=\"https:\/\/choralies.fr\/en\/access-accommodation-and-catering\/\" \/>\n<meta property=\"og:site_name\" content=\"Choralies 2025\" \/>\n<meta property=\"article:modified_time\" content=\"2025-07-21T21:31:39+00:00\" \/>\n<meta property=\"og:image\" content=\"https:\/\/choralies.fr\/wp-content\/uploads\/BANNIERE-1920x1080-optimise.jpg\" \/>\n\t<meta property=\"og:image:width\" content=\"1920\" \/>\n\t<meta property=\"og:image:height\" content=\"1080\" \/>\n\t<meta property=\"og:image:type\" content=\"image\/jpeg\" \/>\n<meta name=\"twitter:card\" content=\"summary_large_image\" \/>\n<meta name=\"twitter:label1\" content=\"Est. reading time\" \/>\n\t<meta name=\"twitter:data1\" content=\"2 minutes\" \/>\n<script type=\"application\/ld+json\" class=\"yoast-schema-graph\">{\"@context\":\"https:\/\/schema.org\",\"@graph\":[{\"@type\":\"WebPage\",\"@id\":\"https:\/\/choralies.fr\/en\/access-accommodation-and-catering\/\",\"url\":\"https:\/\/choralies.fr\/en\/access-accommodation-and-catering\/\",\"name\":\"Access - Choralies 2025\",\"isPartOf\":{\"@id\":\"https:\/\/choralies.fr\/en\/#website\"},\"primaryImageOfPage\":{\"@id\":\"https:\/\/choralies.fr\/en\/access-accommodation-and-catering\/#primaryimage\"},\"image\":{\"@id\":\"https:\/\/choralies.fr\/en\/access-accommodation-and-catering\/#primaryimage\"},\"thumbnailUrl\":\"https:\/\/choralies.fr\/wp-content\/uploads\/BANNIERE-1920x1080-optimise.jpg\",\"datePublished\":\"2024-07-10T19:16:25+00:00\",\"dateModified\":\"2025-07-21T21:31:39+00:00\",\"breadcrumb\":{\"@id\":\"https:\/\/choralies.fr\/en\/access-accommodation-and-catering\/#breadcrumb\"},\"inLanguage\":\"en-US\",\"potentialAction\":[{\"@type\":\"ReadAction\",\"target\":[\"https:\/\/choralies.fr\/en\/access-accommodation-and-catering\/\"]}]},{\"@type\":\"ImageObject\",\"inLanguage\":\"en-US\",\"@id\":\"https:\/\/choralies.fr\/en\/access-accommodation-and-catering\/#primaryimage\",\"url\":\"https:\/\/choralies.fr\/wp-content\/uploads\/BANNIERE-1920x1080-optimise.jpg\",\"contentUrl\":\"https:\/\/choralies.fr\/wp-content\/uploads\/BANNIERE-1920x1080-optimise.jpg\",\"width\":1920,\"height\":1080},{\"@type\":\"BreadcrumbList\",\"@id\":\"https:\/\/choralies.fr\/en\/access-accommodation-and-catering\/#breadcrumb\",\"itemListElement\":[{\"@type\":\"ListItem\",\"position\":1,\"name\":\"Accueil\",\"item\":\"https:\/\/choralies.fr\/en\/\"},{\"@type\":\"ListItem\",\"position\":2,\"name\":\"Access\"}]},{\"@type\":\"WebSite\",\"@id\":\"https:\/\/choralies.fr\/en\/#website\",\"url\":\"https:\/\/choralies.fr\/en\/\",\"name\":\"Choralies 2025\",\"description\":\"Le festival choral pas comme les autres\",\"publisher\":{\"@id\":\"https:\/\/choralies.fr\/en\/#organization\"},\"potentialAction\":[{\"@type\":\"SearchAction\",\"target\":{\"@type\":\"EntryPoint\",\"urlTemplate\":\"https:\/\/choralies.fr\/en\/?s={search_term_string}\"},\"query-input\":{\"@type\":\"PropertyValueSpecification\",\"valueRequired\":true,\"valueName\":\"search_term_string\"}}],\"inLanguage\":\"en-US\"},{\"@type\":\"Organization\",\"@id\":\"https:\/\/choralies.fr\/en\/#organization\",\"name\":\"Choralies 2025\",\"url\":\"https:\/\/choralies.fr\/en\/\",\"logo\":{\"@type\":\"ImageObject\",\"inLanguage\":\"en-US\",\"@id\":\"https:\/\/choralies.fr\/en\/#\/schema\/logo\/image\/\",\"url\":\"\",\"contentUrl\":\"\",\"caption\":\"Choralies 2025\"},\"image\":{\"@id\":\"https:\/\/choralies.fr\/en\/#\/schema\/logo\/image\/\"}}]}<\/script>\n<!-- \/ Yoast SEO Premium plugin. -->","yoast_head_json":{"title":"Access - Choralies 2025","robots":{"index":"index","follow":"follow","max-snippet":"max-snippet:-1","max-image-preview":"max-image-preview:large","max-video-preview":"max-video-preview:-1"},"canonical":"https:\/\/choralies.fr\/en\/access-accommodation-and-catering\/","og_locale":"en_US","og_type":"article","og_title":"Access","og_description":"Here you'll find all the logistical information you need to prepare your Choralies!","og_url":"https:\/\/choralies.fr\/en\/access-accommodation-and-catering\/","og_site_name":"Choralies 2025","article_modified_time":"2025-07-21T21:31:39+00:00","og_image":[{"width":1920,"height":1080,"url":"https:\/\/choralies.fr\/wp-content\/uploads\/BANNIERE-1920x1080-optimise.jpg","type":"image\/jpeg"}],"twitter_card":"summary_large_image","twitter_misc":{"Est. reading time":"2 minutes"},"schema":{"@context":"https:\/\/schema.org","@graph":[{"@type":"WebPage","@id":"https:\/\/choralies.fr\/en\/access-accommodation-and-catering\/","url":"https:\/\/choralies.fr\/en\/access-accommodation-and-catering\/","name":"Access - Choralies 2025","isPartOf":{"@id":"https:\/\/choralies.fr\/en\/#website"},"primaryImageOfPage":{"@id":"https:\/\/choralies.fr\/en\/access-accommodation-and-catering\/#primaryimage"},"image":{"@id":"https:\/\/choralies.fr\/en\/access-accommodation-and-catering\/#primaryimage"},"thumbnailUrl":"https:\/\/choralies.fr\/wp-content\/uploads\/BANNIERE-1920x1080-optimise.jpg","datePublished":"2024-07-10T19:16:25+00:00","dateModified":"2025-07-21T21:31:39+00:00","breadcrumb":{"@id":"https:\/\/choralies.fr\/en\/access-accommodation-and-catering\/#breadcrumb"},"inLanguage":"en-US","potentialAction":[{"@type":"ReadAction","target":["https:\/\/choralies.fr\/en\/access-accommodation-and-catering\/"]}]},{"@type":"ImageObject","inLanguage":"en-US","@id":"https:\/\/choralies.fr\/en\/access-accommodation-and-catering\/#primaryimage","url":"https:\/\/choralies.fr\/wp-content\/uploads\/BANNIERE-1920x1080-optimise.jpg","contentUrl":"https:\/\/choralies.fr\/wp-content\/uploads\/BANNIERE-1920x1080-optimise.jpg","width":1920,"height":1080},{"@type":"BreadcrumbList","@id":"https:\/\/choralies.fr\/en\/access-accommodation-and-catering\/#breadcrumb","itemListElement":[{"@type":"ListItem","position":1,"name":"Accueil","item":"https:\/\/choralies.fr\/en\/"},{"@type":"ListItem","position":2,"name":"Access"}]},{"@type":"WebSite","@id":"https:\/\/choralies.fr\/en\/#website","url":"https:\/\/choralies.fr\/en\/","name":"Choralies 2025","description":"Le festival choral pas comme les autres","publisher":{"@id":"https:\/\/choralies.fr\/en\/#organization"},"potentialAction":[{"@type":"SearchAction","target":{"@type":"EntryPoint","urlTemplate":"https:\/\/choralies.fr\/en\/?s={search_term_string}"},"query-input":{"@type":"PropertyValueSpecification","valueRequired":true,"valueName":"search_term_string"}}],"inLanguage":"en-US"},{"@type":"Organization","@id":"https:\/\/choralies.fr\/en\/#organization","name":"Choralies 2025","url":"https:\/\/choralies.fr\/en\/","logo":{"@type":"ImageObject","inLanguage":"en-US","@id":"https:\/\/choralies.fr\/en\/#\/schema\/logo\/image\/","url":"","contentUrl":"","caption":"Choralies 2025"},"image":{"@id":"https:\/\/choralies.fr\/en\/#\/schema\/logo\/image\/"}}]}},"_links":{"self":[{"href":"https:\/\/choralies.fr\/en\/wp-json\/wp\/v2\/pages\/4138","targetHints":{"allow":["GET"]}}],"collection":[{"href":"https:\/\/choralies.fr\/en\/wp-json\/wp\/v2\/pages"}],"about":[{"href":"https:\/\/choralies.fr\/en\/wp-json\/wp\/v2\/types\/page"}],"author":[{"embeddable":true,"href":"https:\/\/choralies.fr\/en\/wp-json\/wp\/v2\/users\/1"}],"replies":[{"embeddable":true,"href":"https:\/\/choralies.fr\/en\/wp-json\/wp\/v2\/comments?post=4138"}],"version-history":[{"count":4,"href":"https:\/\/choralies.fr\/en\/wp-json\/wp\/v2\/pages\/4138\/revisions"}],"predecessor-version":[{"id":7885,"href":"https:\/\/choralies.fr\/en\/wp-json\/wp\/v2\/pages\/4138\/revisions\/7885"}],"wp:featuredmedia":[{"embeddable":true,"href":"https:\/\/choralies.fr\/en\/wp-json\/wp\/v2\/media\/4218"}],"wp:attachment":[{"href":"https:\/\/choralies.fr\/en\/wp-json\/wp\/v2\/media?parent=4138"}],"curies":[{"name":"wp","href":"https:\/\/api.w.org\/{rel}","templated":true}]}}