{"id":7904,"date":"2025-04-08T09:14:24","date_gmt":"2025-04-08T07:14:24","guid":{"rendered":"https:\/\/choralies.fr\/accessibility-psh\/"},"modified":"2025-07-21T23:39:19","modified_gmt":"2025-07-21T21:39:19","slug":"accessibility-psh","status":"publish","type":"page","link":"https:\/\/choralies.fr\/en\/accessibility-psh\/","title":{"rendered":"Accessibility &#8211; PSH"},"content":{"rendered":"\t\t<div data-elementor-type=\"wp-page\" data-elementor-id=\"7904\" class=\"elementor elementor-7904 elementor-5428\" data-elementor-post-type=\"page\">\n\t\t\t\t<div class=\"elementor-element elementor-element-8fb7a22 e-flex e-con-boxed e-con e-parent\" data-id=\"8fb7a22\" data-element_type=\"container\" data-e-type=\"container\" data-settings=\"{&quot;background_background&quot;:&quot;classic&quot;}\">\n\t\t\t\t\t<div class=\"e-con-inner\">\n\t\t\t\t<div class=\"elementor-element elementor-element-7e64523 elementor-widget__width-initial elementor-widget elementor-widget-heading\" data-id=\"7e64523\" data-element_type=\"widget\" data-e-type=\"widget\" data-widget_type=\"heading.default\">\n\t\t\t\t<div class=\"elementor-widget-container\">\n\t\t\t\t\t<h1 class=\"elementor-heading-title elementor-size-default\">Accessibility<\/h1>\t\t\t\t<\/div>\n\t\t\t\t<\/div>\n\t\t\t\t<div class=\"elementor-element elementor-element-f978f81 elementor-widget elementor-widget-heading\" data-id=\"f978f81\" data-element_type=\"widget\" data-e-type=\"widget\" data-widget_type=\"heading.default\">\n\t\t\t\t<div class=\"elementor-widget-container\">\n\t\t\t\t\t<h1 class=\"elementor-heading-title elementor-size-default\">A festival for everyone!<\/h1>\t\t\t\t<\/div>\n\t\t\t\t<\/div>\n\t\t\t\t\t<\/div>\n\t\t\t\t<\/div>\n\t\t<div class=\"elementor-element elementor-element-9f49824 e-flex e-con-boxed e-con e-parent\" data-id=\"9f49824\" data-element_type=\"container\" data-e-type=\"container\">\n\t\t\t\t\t<div class=\"e-con-inner\">\n\t\t\t\t<div class=\"elementor-element elementor-element-ed41727 elementor-widget__width-initial elementor-widget elementor-widget-text-editor\" data-id=\"ed41727\" data-element_type=\"widget\" data-e-type=\"widget\" data-widget_type=\"text-editor.default\">\n\t\t\t\t<div class=\"elementor-widget-container\">\n\t\t\t\t\t\t\t\t\t<p>Welcome to our page dedicated to people with disabilities, their families and friends.<br>Our aim here is to provide you with as much information and resources as possible to help you optimize your stay in terms of independence and well-being.<\/p>\t\t\t\t\t\t\t\t<\/div>\n\t\t\t\t<\/div>\n\t\t\t\t\t<\/div>\n\t\t\t\t<\/div>\n\t\t<div class=\"elementor-element elementor-element-4ee6856 e-flex e-con-boxed e-con e-parent\" data-id=\"4ee6856\" data-element_type=\"container\" data-e-type=\"container\">\n\t\t\t\t\t<div class=\"e-con-inner\">\n\t\t\t\t<div class=\"elementor-element elementor-element-011082d elementor-widget elementor-widget-n-accordion\" data-id=\"011082d\" data-element_type=\"widget\" data-e-type=\"widget\" data-settings=\"{&quot;default_state&quot;:&quot;expanded&quot;,&quot;max_items_expended&quot;:&quot;one&quot;,&quot;n_accordion_animation_duration&quot;:{&quot;unit&quot;:&quot;ms&quot;,&quot;size&quot;:400,&quot;sizes&quot;:[]}}\" data-widget_type=\"nested-accordion.default\">\n\t\t\t\t<div class=\"elementor-widget-container\">\n\t\t\t\t\t\t\t<div class=\"e-n-accordion\" aria-label=\"Accordion. Open links with Enter or Space, close with Escape, and navigate with Arrow Keys\">\n\t\t\t\t\t\t<details id=\"e-n-accordion-item-1110\" class=\"e-n-accordion-item\" open>\n\t\t\t\t<summary class=\"e-n-accordion-item-title\" data-accordion-index=\"1\" tabindex=\"0\" aria-expanded=\"true\" aria-controls=\"e-n-accordion-item-1110\" >\n\t\t\t\t\t<span class='e-n-accordion-item-title-header'><div class=\"e-n-accordion-item-title-text\"> Venue accessibility - Concerts <\/div><\/span>\n\t\t\t\t\t\t\t<span class='e-n-accordion-item-title-icon'>\n\t\t\t<span class='e-opened' ><svg aria-hidden=\"true\" class=\"e-font-icon-svg e-fas-minus\" viewBox=\"0 0 448 512\" xmlns=\"http:\/\/www.w3.org\/2000\/svg\"><path d=\"M416 208H32c-17.67 0-32 14.33-32 32v32c0 17.67 14.33 32 32 32h384c17.67 0 32-14.33 32-32v-32c0-17.67-14.33-32-32-32z\"><\/path><\/svg><\/span>\n\t\t\t<span class='e-closed'><svg aria-hidden=\"true\" class=\"e-font-icon-svg e-fas-plus\" viewBox=\"0 0 448 512\" xmlns=\"http:\/\/www.w3.org\/2000\/svg\"><path d=\"M416 208H272V64c0-17.67-14.33-32-32-32h-32c-17.67 0-32 14.33-32 32v144H32c-17.67 0-32 14.33-32 32v32c0 17.67 14.33 32 32 32h144v144c0 17.67 14.33 32 32 32h32c17.67 0 32-14.33 32-32V304h144c17.67 0 32-14.33 32-32v-32c0-17.67-14.33-32-32-32z\"><\/path><\/svg><\/span>\n\t\t<\/span>\n\n\t\t\t\t\t\t<\/summary>\n\t\t\t\t<div role=\"region\" aria-labelledby=\"e-n-accordion-item-1110\" class=\"elementor-element elementor-element-745e77e e-con-full e-flex e-con e-child\" data-id=\"745e77e\" data-element_type=\"container\" data-e-type=\"container\">\n\t\t\t\t<div class=\"elementor-element elementor-element-4fe146a elementor-widget elementor-widget-text-editor\" data-id=\"4fe146a\" data-element_type=\"widget\" data-e-type=\"widget\" data-widget_type=\"text-editor.default\">\n\t\t\t\t<div class=\"elementor-widget-container\">\n\t\t\t\t\t\t\t\t\t<ul><li style=\"font-size: 14px;\"><span style=\"font-weight: bolder;\">Eglise de la Haute-Ville: steep slope to reach the church forecourt. The church will be equipped with wheelchair ramps. <\/span><\/li><li>Notre-Dame de Nazareth Cathedral: PMR access<\/li><li>Ancien Gymnase : PMR access<\/li><li>Chapelle Saint-Quenin: PMR access<\/li><li>Espace Culturel : PMR access<\/li><li>Th\u00e9\u00e2tre du Nymph\u00e9e : PMR access<\/li><li>Cit\u00e9 Scolaire amphitheatre: PMR access<\/li><li>Th\u00e9\u00e2tre Antique: PMR access &#8211; Special seating arrangements<\/li><\/ul>\t\t\t\t\t\t\t\t<\/div>\n\t\t\t\t<\/div>\n\t\t\t\t<\/div>\n\t\t\t\t\t<\/details>\n\t\t\t\t\t\t<details id=\"e-n-accordion-item-1111\" class=\"e-n-accordion-item\" >\n\t\t\t\t<summary class=\"e-n-accordion-item-title\" data-accordion-index=\"2\" tabindex=\"-1\" aria-expanded=\"false\" aria-controls=\"e-n-accordion-item-1111\" >\n\t\t\t\t\t<span class='e-n-accordion-item-title-header'><div class=\"e-n-accordion-item-title-text\"> Accessibility - Workshops <\/div><\/span>\n\t\t\t\t\t\t\t<span class='e-n-accordion-item-title-icon'>\n\t\t\t<span class='e-opened' ><svg aria-hidden=\"true\" class=\"e-font-icon-svg e-fas-minus\" viewBox=\"0 0 448 512\" xmlns=\"http:\/\/www.w3.org\/2000\/svg\"><path d=\"M416 208H32c-17.67 0-32 14.33-32 32v32c0 17.67 14.33 32 32 32h384c17.67 0 32-14.33 32-32v-32c0-17.67-14.33-32-32-32z\"><\/path><\/svg><\/span>\n\t\t\t<span class='e-closed'><svg aria-hidden=\"true\" class=\"e-font-icon-svg e-fas-plus\" viewBox=\"0 0 448 512\" xmlns=\"http:\/\/www.w3.org\/2000\/svg\"><path d=\"M416 208H272V64c0-17.67-14.33-32-32-32h-32c-17.67 0-32 14.33-32 32v144H32c-17.67 0-32 14.33-32 32v32c0 17.67 14.33 32 32 32h144v144c0 17.67 14.33 32 32 32h32c17.67 0 32-14.33 32-32V304h144c17.67 0 32-14.33 32-32v-32c0-17.67-14.33-32-32-32z\"><\/path><\/svg><\/span>\n\t\t<\/span>\n\n\t\t\t\t\t\t<\/summary>\n\t\t\t\t<div role=\"region\" aria-labelledby=\"e-n-accordion-item-1111\" class=\"elementor-element elementor-element-e7e5f9d e-con-full e-flex e-con e-child\" data-id=\"e7e5f9d\" data-element_type=\"container\" data-e-type=\"container\">\n\t\t\t\t<div class=\"elementor-element elementor-element-2dfb17e elementor-widget elementor-widget-text-editor\" data-id=\"2dfb17e\" data-element_type=\"widget\" data-e-type=\"widget\" data-widget_type=\"text-editor.default\">\n\t\t\t\t<div class=\"elementor-widget-container\">\n\t\t\t\t\t\t\t\t\t<ul><li><strong>Center Escapade : <b style=\"background-color: transparent;\"><span style=\"font-size: 10.5pt;\">Some workshops will be held upstairs, with no possibility of PRM access.<\/span><\/b><\/strong><\/li><li><strong>Salle des Minots: located upstairs with no possibility of PRM access<\/strong><\/li><li>Th\u00e9\u00e2tre des 2 mondes : PMR access<\/li><li>Ecole Emile Zola : PMR access<\/li><li>Village Vacances L\u00e9o Lagrange : PMR access<\/li><li>Espace Culturel : PMR access<\/li><li>Cit\u00e9 Scolaire : PMR access<\/li><li>Salle Restanco (ACAF) : PMR access<\/li><li>Village des Choralies (1 day 1 theme) : PMR access<\/li><li>Chapelle Saint-Quenin: PMR access<\/li><li>Maison des Associations : PMR access<\/li><li>New Gymnasium: PMR access<\/li><li>Old Cinema :<\/li><\/ul>\t\t\t\t\t\t\t\t<\/div>\n\t\t\t\t<\/div>\n\t\t\t\t<\/div>\n\t\t\t\t\t<\/details>\n\t\t\t\t\t\t<details id=\"e-n-accordion-item-1112\" class=\"e-n-accordion-item\" >\n\t\t\t\t<summary class=\"e-n-accordion-item-title\" data-accordion-index=\"3\" tabindex=\"-1\" aria-expanded=\"false\" aria-controls=\"e-n-accordion-item-1112\" >\n\t\t\t\t\t<span class='e-n-accordion-item-title-header'><div class=\"e-n-accordion-item-title-text\"> Special features <\/div><\/span>\n\t\t\t\t\t\t\t<span class='e-n-accordion-item-title-icon'>\n\t\t\t<span class='e-opened' ><svg aria-hidden=\"true\" class=\"e-font-icon-svg e-fas-minus\" viewBox=\"0 0 448 512\" xmlns=\"http:\/\/www.w3.org\/2000\/svg\"><path d=\"M416 208H32c-17.67 0-32 14.33-32 32v32c0 17.67 14.33 32 32 32h384c17.67 0 32-14.33 32-32v-32c0-17.67-14.33-32-32-32z\"><\/path><\/svg><\/span>\n\t\t\t<span class='e-closed'><svg aria-hidden=\"true\" class=\"e-font-icon-svg e-fas-plus\" viewBox=\"0 0 448 512\" xmlns=\"http:\/\/www.w3.org\/2000\/svg\"><path d=\"M416 208H272V64c0-17.67-14.33-32-32-32h-32c-17.67 0-32 14.33-32 32v144H32c-17.67 0-32 14.33-32 32v32c0 17.67 14.33 32 32 32h144v144c0 17.67 14.33 32 32 32h32c17.67 0 32-14.33 32-32V304h144c17.67 0 32-14.33 32-32v-32c0-17.67-14.33-32-32-32z\"><\/path><\/svg><\/span>\n\t\t<\/span>\n\n\t\t\t\t\t\t<\/summary>\n\t\t\t\t<div role=\"region\" aria-labelledby=\"e-n-accordion-item-1112\" class=\"elementor-element elementor-element-c0c7a55 e-con-full e-flex e-con e-child\" data-id=\"c0c7a55\" data-element_type=\"container\" data-e-type=\"container\">\n\t\t\t\t<div class=\"elementor-element elementor-element-2f0432a elementor-widget elementor-widget-text-editor\" data-id=\"2f0432a\" data-element_type=\"widget\" data-e-type=\"widget\" data-widget_type=\"text-editor.default\">\n\t\t\t\t<div class=\"elementor-widget-container\">\n\t\t\t\t\t\t\t\t\t<ul><li>Festival facilities :<ul><li>Camping des Choralies : Toilet block (WC \/ shower) adapted for PRM<\/li><li>Village des Choralies : Toilet block adapted for PRM<\/li><\/ul><\/li><\/ul><p> <\/p><ul><li>Public toilets and parking lots with reserved spaces<ul><li><a href=\"https:\/\/www.vaison-ventoux-provence.com\/app\/uploads\/vaison-ventoux\/2024\/07\/Guide-accessibilite-2024.pdf\">See the Vaison-la-Romaine accessibility guide<\/a><\/li><\/ul><\/li><\/ul>\t\t\t\t\t\t\t\t<\/div>\n\t\t\t\t<\/div>\n\t\t\t\t<\/div>\n\t\t\t\t\t<\/details>\n\t\t\t\t\t<\/div>\n\t\t\t\t\t\t<\/div>\n\t\t\t\t<\/div>\n\t\t\t\t\t<\/div>\n\t\t\t\t<\/div>\n\t\t<div class=\"elementor-element elementor-element-fbbc5b9 e-flex e-con-boxed e-con e-parent\" data-id=\"fbbc5b9\" data-element_type=\"container\" data-e-type=\"container\">\n\t\t\t\t\t<div class=\"e-con-inner\">\n\t\t\t\t<div class=\"elementor-element elementor-element-6e663a6 elementor-widget elementor-widget-heading\" data-id=\"6e663a6\" data-element_type=\"widget\" data-e-type=\"widget\" data-widget_type=\"heading.default\">\n\t\t\t\t<div class=\"elementor-widget-container\">\n\t\t\t\t\t<h4 class=\"elementor-heading-title elementor-size-default\">Contacts and resources<\/h4>\t\t\t\t<\/div>\n\t\t\t\t<\/div>\n\t\t\t\t<div class=\"elementor-element elementor-element-ceae194 elementor-widget elementor-widget-text-editor\" data-id=\"ceae194\" data-element_type=\"widget\" data-e-type=\"widget\" data-widget_type=\"text-editor.default\">\n\t\t\t\t<div class=\"elementor-widget-container\">\n\t\t\t\t\t\t\t\t\t<h3>Anticipate your arrival with complete peace of mind!<\/h3><p class=\"\" data-start=\"226\" data-end=\"405\">To help you prepare for your visit to the festival, we invite you to consult the practical information provided by the town of Vaison-la-Romaine.<\/p><p class=\"\" data-start=\"226\" data-end=\"405\">Here you&#8217;ll find :<\/p><ul><li data-start=\"408\" data-end=\"452\">A guide to Vaison-la-Romaine<a href=\"https:\/\/www.vaison-ventoux-provence.com\/app\/uploads\/vaison-ventoux\/2024\/07\/2024-circuit-decouverte-caracteres-agrandis-WEB.pdf\">(large print<\/a> or <a href=\"https:\/\/www.vaison-ventoux-provence.com\/app\/uploads\/vaison-ventoux\/2024\/07\/Circuit-decouverte-FALC-2024.pdf\">simplified version<\/a>)<\/li><li data-start=\"408\" data-end=\"452\"><a href=\"https:\/\/www.vaison-ventoux-provence.com\/app\/uploads\/vaison-ventoux\/2024\/07\/Plan-Vaison-caracteres-agrandis_compressed.pdf\">City map with PMR circuit<\/a><\/li><li><a href=\"https:\/\/www.vaison-ventoux-provence.com\/app\/uploads\/vaison-ventoux\/2024\/07\/Guide-accessibilite-2024.pdf\">A complete guide to accessibility<\/a><\/li><li><a href=\"https:\/\/www.vaison-ventoux-provence.com\/pratique\/laccessibilite-en-vaison-ventoux\/les-pros-vous-accueillent\/\">An &#8220;accessibility&#8221; directory of professionals<\/a><\/li><li>An audio tour<\/li><\/ul><p> <\/p><h3>Your accessibility contact<\/h3><p><strong>Michelle Blanchoz<\/strong> &#8211; michelleblanchoz@orange.fr<\/p>\t\t\t\t\t\t\t\t<\/div>\n\t\t\t\t<\/div>\n\t\t\t\t<div class=\"elementor-element elementor-element-80a2f55 bouton_bleu elementor-widget elementor-widget-button\" data-id=\"80a2f55\" data-element_type=\"widget\" data-e-type=\"widget\" data-widget_type=\"button.default\">\n\t\t\t\t<div class=\"elementor-widget-container\">\n\t\t\t\t\t\t\t\t\t<div class=\"elementor-button-wrapper\">\n\t\t\t\t\t<a class=\"elementor-button elementor-button-link elementor-size-sm\" href=\"https:\/\/www.vaison-ventoux-provence.com\/pratique\/laccessibilite-en-vaison-ventoux\/\" target=\"_blank\">\n\t\t\t\t\t\t<span class=\"elementor-button-content-wrapper\">\n\t\t\t\t\t\t\t\t\t<span class=\"elementor-button-text\">Read more<\/span>\n\t\t\t\t\t<\/span>\n\t\t\t\t\t<\/a>\n\t\t\t\t<\/div>\n\t\t\t\t\t\t\t\t<\/div>\n\t\t\t\t<\/div>\n\t\t\t\t<div class=\"elementor-element elementor-element-b033dc8 elementor-widget elementor-widget-image\" data-id=\"b033dc8\" data-element_type=\"widget\" data-e-type=\"widget\" data-widget_type=\"image.default\">\n\t\t\t\t<div class=\"elementor-widget-container\">\n\t\t\t\t\t\t\t\t\t\t\t\t\t\t\t<img fetchpriority=\"high\" decoding=\"async\" width=\"1238\" height=\"696\" src=\"https:\/\/choralies.fr\/wp-content\/uploads\/10-aout-2022-c-Gilbert-Greard-3.png\" class=\"attachment-full size-full wp-image-5445\" alt=\"\" srcset=\"https:\/\/choralies.fr\/wp-content\/uploads\/10-aout-2022-c-Gilbert-Greard-3.png 1238w, https:\/\/choralies.fr\/wp-content\/uploads\/10-aout-2022-c-Gilbert-Greard-3-300x169.png 300w, https:\/\/choralies.fr\/wp-content\/uploads\/10-aout-2022-c-Gilbert-Greard-3-1024x576.png 1024w, https:\/\/choralies.fr\/wp-content\/uploads\/10-aout-2022-c-Gilbert-Greard-3-768x432.png 768w\" sizes=\"(max-width: 1238px) 100vw, 1238px\" \/>\t\t\t\t\t\t\t\t\t\t\t\t\t\t\t<\/div>\n\t\t\t\t<\/div>\n\t\t\t\t\t<\/div>\n\t\t\t\t<\/div>\n\t\t<div class=\"elementor-element elementor-element-81775aa e-flex e-con-boxed e-con e-parent\" data-id=\"81775aa\" data-element_type=\"container\" data-e-type=\"container\">\n\t\t\t\t\t<div class=\"e-con-inner\">\n\t\t\t\t\t<\/div>\n\t\t\t\t<\/div>\n\t\t\t\t<\/div>\n\t\t","protected":false},"excerpt":{"rendered":"<p>Accessibility A festival for everyone! Welcome to our page dedicated to people with disabilities, their families and friends.Our aim here is to provide you with as much information and resources as possible to help you optimize your stay in terms of independence and well-being. Venue accessibility &#8211; Concerts Eglise de la Haute-Ville: steep slope to [&hellip;]<\/p>\n","protected":false},"author":5,"featured_media":0,"parent":0,"menu_order":0,"comment_status":"closed","ping_status":"closed","template":"","meta":{"_acf_changed":false,"footnotes":""},"class_list":["post-7904","page","type-page","status-publish","hentry"],"acf":[],"yoast_head":"<!-- This site is optimized with the Yoast SEO Premium plugin v25.5 (Yoast SEO v27.1.1) - https:\/\/yoast.com\/product\/yoast-seo-premium-wordpress\/ -->\n<title>Accessibility - PSH - Choralies 2025<\/title>\n<meta name=\"robots\" content=\"index, follow, max-snippet:-1, max-image-preview:large, max-video-preview:-1\" \/>\n<link rel=\"canonical\" href=\"https:\/\/choralies.fr\/en\/accessibility-psh\/\" \/>\n<meta property=\"og:locale\" content=\"en_US\" \/>\n<meta property=\"og:type\" content=\"article\" \/>\n<meta property=\"og:title\" content=\"Accessibility - PSH\" \/>\n<meta property=\"og:description\" content=\"Accessibility A festival for everyone! Welcome to our page dedicated to people with disabilities, their families and friends.Our aim here is to provide you with as much information and resources as possible to help you optimize your stay in terms of independence and well-being. Venue accessibility &#8211; Concerts Eglise de la Haute-Ville: steep slope to [&hellip;]\" \/>\n<meta property=\"og:url\" content=\"https:\/\/choralies.fr\/en\/accessibility-psh\/\" \/>\n<meta property=\"og:site_name\" content=\"Choralies 2025\" \/>\n<meta property=\"article:modified_time\" content=\"2025-07-21T21:39:19+00:00\" \/>\n<meta property=\"og:image\" content=\"https:\/\/choralies.fr\/wp-content\/uploads\/10-aout-2022-c-Gilbert-Greard-3.png\" \/>\n\t<meta property=\"og:image:width\" content=\"1238\" \/>\n\t<meta property=\"og:image:height\" content=\"696\" \/>\n\t<meta property=\"og:image:type\" content=\"image\/png\" \/>\n<meta name=\"twitter:card\" content=\"summary_large_image\" \/>\n<meta name=\"twitter:label1\" content=\"Est. reading time\" \/>\n\t<meta name=\"twitter:data1\" content=\"2 minutes\" \/>\n<script type=\"application\/ld+json\" class=\"yoast-schema-graph\">{\"@context\":\"https:\/\/schema.org\",\"@graph\":[{\"@type\":\"WebPage\",\"@id\":\"https:\/\/choralies.fr\/en\/accessibility-psh\/\",\"url\":\"https:\/\/choralies.fr\/en\/accessibility-psh\/\",\"name\":\"Accessibility - PSH - Choralies 2025\",\"isPartOf\":{\"@id\":\"https:\/\/choralies.fr\/en\/#website\"},\"primaryImageOfPage\":{\"@id\":\"https:\/\/choralies.fr\/en\/accessibility-psh\/#primaryimage\"},\"image\":{\"@id\":\"https:\/\/choralies.fr\/en\/accessibility-psh\/#primaryimage\"},\"thumbnailUrl\":\"https:\/\/choralies.fr\/wp-content\/uploads\/10-aout-2022-c-Gilbert-Greard-3.png\",\"datePublished\":\"2025-04-08T07:14:24+00:00\",\"dateModified\":\"2025-07-21T21:39:19+00:00\",\"breadcrumb\":{\"@id\":\"https:\/\/choralies.fr\/en\/accessibility-psh\/#breadcrumb\"},\"inLanguage\":\"en-US\",\"potentialAction\":[{\"@type\":\"ReadAction\",\"target\":[\"https:\/\/choralies.fr\/en\/accessibility-psh\/\"]}]},{\"@type\":\"ImageObject\",\"inLanguage\":\"en-US\",\"@id\":\"https:\/\/choralies.fr\/en\/accessibility-psh\/#primaryimage\",\"url\":\"https:\/\/choralies.fr\/wp-content\/uploads\/10-aout-2022-c-Gilbert-Greard-3.png\",\"contentUrl\":\"https:\/\/choralies.fr\/wp-content\/uploads\/10-aout-2022-c-Gilbert-Greard-3.png\"},{\"@type\":\"BreadcrumbList\",\"@id\":\"https:\/\/choralies.fr\/en\/accessibility-psh\/#breadcrumb\",\"itemListElement\":[{\"@type\":\"ListItem\",\"position\":1,\"name\":\"Accueil\",\"item\":\"https:\/\/choralies.fr\/en\/\"},{\"@type\":\"ListItem\",\"position\":2,\"name\":\"Accessibility - PSH\"}]},{\"@type\":\"WebSite\",\"@id\":\"https:\/\/choralies.fr\/en\/#website\",\"url\":\"https:\/\/choralies.fr\/en\/\",\"name\":\"Choralies 2025\",\"description\":\"Le festival choral pas comme les autres\",\"publisher\":{\"@id\":\"https:\/\/choralies.fr\/en\/#organization\"},\"potentialAction\":[{\"@type\":\"SearchAction\",\"target\":{\"@type\":\"EntryPoint\",\"urlTemplate\":\"https:\/\/choralies.fr\/en\/?s={search_term_string}\"},\"query-input\":{\"@type\":\"PropertyValueSpecification\",\"valueRequired\":true,\"valueName\":\"search_term_string\"}}],\"inLanguage\":\"en-US\"},{\"@type\":\"Organization\",\"@id\":\"https:\/\/choralies.fr\/en\/#organization\",\"name\":\"Choralies 2025\",\"url\":\"https:\/\/choralies.fr\/en\/\",\"logo\":{\"@type\":\"ImageObject\",\"inLanguage\":\"en-US\",\"@id\":\"https:\/\/choralies.fr\/en\/#\/schema\/logo\/image\/\",\"url\":\"\",\"contentUrl\":\"\",\"caption\":\"Choralies 2025\"},\"image\":{\"@id\":\"https:\/\/choralies.fr\/en\/#\/schema\/logo\/image\/\"}}]}<\/script>\n<!-- \/ Yoast SEO Premium plugin. -->","yoast_head_json":{"title":"Accessibility - PSH - Choralies 2025","robots":{"index":"index","follow":"follow","max-snippet":"max-snippet:-1","max-image-preview":"max-image-preview:large","max-video-preview":"max-video-preview:-1"},"canonical":"https:\/\/choralies.fr\/en\/accessibility-psh\/","og_locale":"en_US","og_type":"article","og_title":"Accessibility - PSH","og_description":"Accessibility A festival for everyone! Welcome to our page dedicated to people with disabilities, their families and friends.Our aim here is to provide you with as much information and resources as possible to help you optimize your stay in terms of independence and well-being. Venue accessibility &#8211; Concerts Eglise de la Haute-Ville: steep slope to [&hellip;]","og_url":"https:\/\/choralies.fr\/en\/accessibility-psh\/","og_site_name":"Choralies 2025","article_modified_time":"2025-07-21T21:39:19+00:00","og_image":[{"width":1238,"height":696,"url":"https:\/\/choralies.fr\/wp-content\/uploads\/10-aout-2022-c-Gilbert-Greard-3.png","type":"image\/png"}],"twitter_card":"summary_large_image","twitter_misc":{"Est. reading time":"2 minutes"},"schema":{"@context":"https:\/\/schema.org","@graph":[{"@type":"WebPage","@id":"https:\/\/choralies.fr\/en\/accessibility-psh\/","url":"https:\/\/choralies.fr\/en\/accessibility-psh\/","name":"Accessibility - PSH - Choralies 2025","isPartOf":{"@id":"https:\/\/choralies.fr\/en\/#website"},"primaryImageOfPage":{"@id":"https:\/\/choralies.fr\/en\/accessibility-psh\/#primaryimage"},"image":{"@id":"https:\/\/choralies.fr\/en\/accessibility-psh\/#primaryimage"},"thumbnailUrl":"https:\/\/choralies.fr\/wp-content\/uploads\/10-aout-2022-c-Gilbert-Greard-3.png","datePublished":"2025-04-08T07:14:24+00:00","dateModified":"2025-07-21T21:39:19+00:00","breadcrumb":{"@id":"https:\/\/choralies.fr\/en\/accessibility-psh\/#breadcrumb"},"inLanguage":"en-US","potentialAction":[{"@type":"ReadAction","target":["https:\/\/choralies.fr\/en\/accessibility-psh\/"]}]},{"@type":"ImageObject","inLanguage":"en-US","@id":"https:\/\/choralies.fr\/en\/accessibility-psh\/#primaryimage","url":"https:\/\/choralies.fr\/wp-content\/uploads\/10-aout-2022-c-Gilbert-Greard-3.png","contentUrl":"https:\/\/choralies.fr\/wp-content\/uploads\/10-aout-2022-c-Gilbert-Greard-3.png"},{"@type":"BreadcrumbList","@id":"https:\/\/choralies.fr\/en\/accessibility-psh\/#breadcrumb","itemListElement":[{"@type":"ListItem","position":1,"name":"Accueil","item":"https:\/\/choralies.fr\/en\/"},{"@type":"ListItem","position":2,"name":"Accessibility - PSH"}]},{"@type":"WebSite","@id":"https:\/\/choralies.fr\/en\/#website","url":"https:\/\/choralies.fr\/en\/","name":"Choralies 2025","description":"Le festival choral pas comme les autres","publisher":{"@id":"https:\/\/choralies.fr\/en\/#organization"},"potentialAction":[{"@type":"SearchAction","target":{"@type":"EntryPoint","urlTemplate":"https:\/\/choralies.fr\/en\/?s={search_term_string}"},"query-input":{"@type":"PropertyValueSpecification","valueRequired":true,"valueName":"search_term_string"}}],"inLanguage":"en-US"},{"@type":"Organization","@id":"https:\/\/choralies.fr\/en\/#organization","name":"Choralies 2025","url":"https:\/\/choralies.fr\/en\/","logo":{"@type":"ImageObject","inLanguage":"en-US","@id":"https:\/\/choralies.fr\/en\/#\/schema\/logo\/image\/","url":"","contentUrl":"","caption":"Choralies 2025"},"image":{"@id":"https:\/\/choralies.fr\/en\/#\/schema\/logo\/image\/"}}]}},"_links":{"self":[{"href":"https:\/\/choralies.fr\/en\/wp-json\/wp\/v2\/pages\/7904","targetHints":{"allow":["GET"]}}],"collection":[{"href":"https:\/\/choralies.fr\/en\/wp-json\/wp\/v2\/pages"}],"about":[{"href":"https:\/\/choralies.fr\/en\/wp-json\/wp\/v2\/types\/page"}],"author":[{"embeddable":true,"href":"https:\/\/choralies.fr\/en\/wp-json\/wp\/v2\/users\/5"}],"replies":[{"embeddable":true,"href":"https:\/\/choralies.fr\/en\/wp-json\/wp\/v2\/comments?post=7904"}],"version-history":[{"count":1,"href":"https:\/\/choralies.fr\/en\/wp-json\/wp\/v2\/pages\/7904\/revisions"}],"predecessor-version":[{"id":7905,"href":"https:\/\/choralies.fr\/en\/wp-json\/wp\/v2\/pages\/7904\/revisions\/7905"}],"wp:attachment":[{"href":"https:\/\/choralies.fr\/en\/wp-json\/wp\/v2\/media?parent=7904"}],"curies":[{"name":"wp","href":"https:\/\/api.w.org\/{rel}","templated":true}]}}