{"id":7908,"date":"2025-05-27T15:19:06","date_gmt":"2025-05-27T13:19:06","guid":{"rendered":"https:\/\/choralies.fr\/sheet-music\/"},"modified":"2025-07-21T23:40:24","modified_gmt":"2025-07-21T21:40:24","slug":"sheet-music","status":"publish","type":"page","link":"https:\/\/choralies.fr\/en\/sheet-music\/","title":{"rendered":"Sheet music"},"content":{"rendered":"\t\t<div data-elementor-type=\"wp-page\" data-elementor-id=\"7908\" class=\"elementor elementor-7908 elementor-6738\" data-elementor-post-type=\"page\">\n\t\t\t\t<div class=\"elementor-element elementor-element-24cab2d e-flex e-con-boxed e-con e-parent\" data-id=\"24cab2d\" data-element_type=\"container\" data-e-type=\"container\" data-settings=\"{&quot;background_background&quot;:&quot;classic&quot;}\">\n\t\t\t\t\t<div class=\"e-con-inner\">\n\t\t\t\t<div class=\"elementor-element elementor-element-bb74c44 elementor-widget__width-initial elementor-widget elementor-widget-heading\" data-id=\"bb74c44\" data-element_type=\"widget\" data-e-type=\"widget\" data-widget_type=\"heading.default\">\n\t\t\t\t<div class=\"elementor-widget-container\">\n\t\t\t\t\t<h1 class=\"elementor-heading-title elementor-size-default\">Sheet music<\/h1>\t\t\t\t<\/div>\n\t\t\t\t<\/div>\n\t\t\t\t<div class=\"elementor-element elementor-element-8fd0822 elementor-widget elementor-widget-heading\" data-id=\"8fd0822\" data-element_type=\"widget\" data-e-type=\"widget\" data-widget_type=\"heading.default\">\n\t\t\t\t<div class=\"elementor-widget-container\">\n\t\t\t\t\t<h1 class=\"elementor-heading-title elementor-size-default\">Buy scores for your atelier!<\/h1>\t\t\t\t<\/div>\n\t\t\t\t<\/div>\n\t\t\t\t\t<\/div>\n\t\t\t\t<\/div>\n\t\t<div class=\"elementor-element elementor-element-9bab611 e-flex e-con-boxed e-con e-parent\" data-id=\"9bab611\" data-element_type=\"container\" data-e-type=\"container\">\n\t\t\t\t\t<div class=\"e-con-inner\">\n\t\t\t\t<div class=\"elementor-element elementor-element-b92834e elementor-widget elementor-widget-image\" data-id=\"b92834e\" data-element_type=\"widget\" data-e-type=\"widget\" data-widget_type=\"image.default\">\n\t\t\t\t<div class=\"elementor-widget-container\">\n\t\t\t\t\t\t\t\t\t\t\t\t\t\t\t<img decoding=\"async\" width=\"300\" height=\"100\" src=\"https:\/\/choralies.fr\/wp-content\/uploads\/logo-EDACJ-transparent-300x100.png\" class=\"attachment-medium size-medium wp-image-6846\" alt=\"\" srcset=\"https:\/\/choralies.fr\/wp-content\/uploads\/logo-EDACJ-transparent-300x100.png 300w, https:\/\/choralies.fr\/wp-content\/uploads\/logo-EDACJ-transparent-1024x341.png 1024w, https:\/\/choralies.fr\/wp-content\/uploads\/logo-EDACJ-transparent-768x256.png 768w, https:\/\/choralies.fr\/wp-content\/uploads\/logo-EDACJ-transparent.png 1507w\" sizes=\"(max-width: 300px) 100vw, 300px\" \/>\t\t\t\t\t\t\t\t\t\t\t\t\t\t\t<\/div>\n\t\t\t\t<\/div>\n\t\t\t\t<div class=\"elementor-element elementor-element-c98b6ee elementor-widget__width-initial elementor-widget elementor-widget-text-editor\" data-id=\"c98b6ee\" data-element_type=\"widget\" data-e-type=\"widget\" data-widget_type=\"text-editor.default\">\n\t\t\t\t<div class=\"elementor-widget-container\">\n\t\t\t\t\t\t\t\t\t<p data-start=\"131\" data-end=\"488\">To make the most of your workshop at the Choralies, there&#8217;s nothing like having the scores in hand before the festival begins.<br data-start=\"255\" data-end=\"258\">They are available for purchase on the website of our partner, \u00c9ditions \u00c0 C\u0153ur Joie. <a href=\"https:\/\/www.editionsacoeurjoie.fr\/PBCPPlayer.asp?ID=2412203\"><strong data-start=\"328\" data-end=\"352\">\u00c9ditions \u00c0 C\u0153ur Joie<\/strong><\/a>.<br data-start=\"353\" data-end=\"356\">You&#8217;ll find all the works on the program, classified by atelier, ready to accompany you on your musical adventure.<\/p><p data-start=\"131\" data-end=\"488\"><strong>Please note: Some ateliers do not require sheet music.<\/strong>  This information is given directly on the description page of each atelier.<\/p><p data-start=\"490\" data-end=\"560\">Click below to go directly to the sheet music site.<\/p>\t\t\t\t\t\t\t\t<\/div>\n\t\t\t\t<\/div>\n\t\t\t\t\t<\/div>\n\t\t\t\t<\/div>\n\t\t<div class=\"elementor-element elementor-element-905de04 e-flex e-con-boxed e-con e-parent\" data-id=\"905de04\" data-element_type=\"container\" data-e-type=\"container\">\n\t\t\t\t\t<div class=\"e-con-inner\">\n\t\t\t\t<div class=\"elementor-element elementor-element-d593b32 elementor-align-center elementor-widget elementor-widget-button\" data-id=\"d593b32\" data-element_type=\"widget\" data-e-type=\"widget\" data-widget_type=\"button.default\">\n\t\t\t\t<div class=\"elementor-widget-container\">\n\t\t\t\t\t\t\t\t\t<div class=\"elementor-button-wrapper\">\n\t\t\t\t\t<a class=\"elementor-button elementor-button-link elementor-size-sm\" href=\"https:\/\/www.editionsacoeurjoie.fr\/PBCPPlayer.asp?ID=2412203\" target=\"_blank\">\n\t\t\t\t\t\t<span class=\"elementor-button-content-wrapper\">\n\t\t\t\t\t\t\t\t\t<span class=\"elementor-button-text\">I buy my sheet music<\/span>\n\t\t\t\t\t<\/span>\n\t\t\t\t\t<\/a>\n\t\t\t\t<\/div>\n\t\t\t\t\t\t\t\t<\/div>\n\t\t\t\t<\/div>\n\t\t\t\t\t<\/div>\n\t\t\t\t<\/div>\n\t\t\t\t<\/div>\n\t\t","protected":false},"excerpt":{"rendered":"<p>Sheet music Buy scores for your atelier! To make the most of your workshop at the Choralies, there&#8217;s nothing like having the scores in hand before the festival begins.They are available for purchase on the website of our partner, \u00c9ditions \u00c0 C\u0153ur Joie. \u00c9ditions \u00c0 C\u0153ur Joie.You&#8217;ll find all the works on the program, classified [&hellip;]<\/p>\n","protected":false},"author":5,"featured_media":0,"parent":0,"menu_order":0,"comment_status":"closed","ping_status":"closed","template":"elementor_header_footer","meta":{"_acf_changed":false,"footnotes":""},"class_list":["post-7908","page","type-page","status-publish","hentry"],"acf":[],"yoast_head":"<!-- This site is optimized with the Yoast SEO Premium plugin v25.5 (Yoast SEO v27.1.1) - https:\/\/yoast.com\/product\/yoast-seo-premium-wordpress\/ -->\n<title>Sheet music - Choralies 2025<\/title>\n<meta name=\"robots\" content=\"index, follow, max-snippet:-1, max-image-preview:large, max-video-preview:-1\" \/>\n<link rel=\"canonical\" href=\"https:\/\/choralies.fr\/en\/sheet-music\/\" \/>\n<meta property=\"og:locale\" content=\"en_US\" \/>\n<meta property=\"og:type\" content=\"article\" \/>\n<meta property=\"og:title\" content=\"Sheet music\" \/>\n<meta property=\"og:description\" content=\"Sheet music Buy scores for your atelier! To make the most of your workshop at the Choralies, there&#8217;s nothing like having the scores in hand before the festival begins.They are available for purchase on the website of our partner, \u00c9ditions \u00c0 C\u0153ur Joie. \u00c9ditions \u00c0 C\u0153ur Joie.You&#8217;ll find all the works on the program, classified [&hellip;]\" \/>\n<meta property=\"og:url\" content=\"https:\/\/choralies.fr\/en\/sheet-music\/\" \/>\n<meta property=\"og:site_name\" content=\"Choralies 2025\" \/>\n<meta property=\"article:modified_time\" content=\"2025-07-21T21:40:24+00:00\" \/>\n<meta property=\"og:image\" content=\"https:\/\/choralies.fr\/wp-content\/uploads\/logo-EDACJ-transparent.png\" \/>\n\t<meta property=\"og:image:width\" content=\"1507\" \/>\n\t<meta property=\"og:image:height\" content=\"502\" \/>\n\t<meta property=\"og:image:type\" content=\"image\/png\" \/>\n<meta name=\"twitter:card\" content=\"summary_large_image\" \/>\n<meta name=\"twitter:label1\" content=\"Est. reading time\" \/>\n\t<meta name=\"twitter:data1\" content=\"1 minute\" \/>\n<script type=\"application\/ld+json\" class=\"yoast-schema-graph\">{\"@context\":\"https:\/\/schema.org\",\"@graph\":[{\"@type\":\"WebPage\",\"@id\":\"https:\/\/choralies.fr\/en\/sheet-music\/\",\"url\":\"https:\/\/choralies.fr\/en\/sheet-music\/\",\"name\":\"Sheet music - Choralies 2025\",\"isPartOf\":{\"@id\":\"https:\/\/choralies.fr\/en\/#website\"},\"primaryImageOfPage\":{\"@id\":\"https:\/\/choralies.fr\/en\/sheet-music\/#primaryimage\"},\"image\":{\"@id\":\"https:\/\/choralies.fr\/en\/sheet-music\/#primaryimage\"},\"thumbnailUrl\":\"https:\/\/choralies.fr\/wp-content\/uploads\/logo-EDACJ-transparent-300x100.png\",\"datePublished\":\"2025-05-27T13:19:06+00:00\",\"dateModified\":\"2025-07-21T21:40:24+00:00\",\"breadcrumb\":{\"@id\":\"https:\/\/choralies.fr\/en\/sheet-music\/#breadcrumb\"},\"inLanguage\":\"en-US\",\"potentialAction\":[{\"@type\":\"ReadAction\",\"target\":[\"https:\/\/choralies.fr\/en\/sheet-music\/\"]}]},{\"@type\":\"ImageObject\",\"inLanguage\":\"en-US\",\"@id\":\"https:\/\/choralies.fr\/en\/sheet-music\/#primaryimage\",\"url\":\"https:\/\/choralies.fr\/wp-content\/uploads\/logo-EDACJ-transparent-300x100.png\",\"contentUrl\":\"https:\/\/choralies.fr\/wp-content\/uploads\/logo-EDACJ-transparent-300x100.png\"},{\"@type\":\"BreadcrumbList\",\"@id\":\"https:\/\/choralies.fr\/en\/sheet-music\/#breadcrumb\",\"itemListElement\":[{\"@type\":\"ListItem\",\"position\":1,\"name\":\"Accueil\",\"item\":\"https:\/\/choralies.fr\/en\/\"},{\"@type\":\"ListItem\",\"position\":2,\"name\":\"Sheet music\"}]},{\"@type\":\"WebSite\",\"@id\":\"https:\/\/choralies.fr\/en\/#website\",\"url\":\"https:\/\/choralies.fr\/en\/\",\"name\":\"Choralies 2025\",\"description\":\"Le festival choral pas comme les autres\",\"publisher\":{\"@id\":\"https:\/\/choralies.fr\/en\/#organization\"},\"potentialAction\":[{\"@type\":\"SearchAction\",\"target\":{\"@type\":\"EntryPoint\",\"urlTemplate\":\"https:\/\/choralies.fr\/en\/?s={search_term_string}\"},\"query-input\":{\"@type\":\"PropertyValueSpecification\",\"valueRequired\":true,\"valueName\":\"search_term_string\"}}],\"inLanguage\":\"en-US\"},{\"@type\":\"Organization\",\"@id\":\"https:\/\/choralies.fr\/en\/#organization\",\"name\":\"Choralies 2025\",\"url\":\"https:\/\/choralies.fr\/en\/\",\"logo\":{\"@type\":\"ImageObject\",\"inLanguage\":\"en-US\",\"@id\":\"https:\/\/choralies.fr\/en\/#\/schema\/logo\/image\/\",\"url\":\"\",\"contentUrl\":\"\",\"caption\":\"Choralies 2025\"},\"image\":{\"@id\":\"https:\/\/choralies.fr\/en\/#\/schema\/logo\/image\/\"}}]}<\/script>\n<!-- \/ Yoast SEO Premium plugin. -->","yoast_head_json":{"title":"Sheet music - Choralies 2025","robots":{"index":"index","follow":"follow","max-snippet":"max-snippet:-1","max-image-preview":"max-image-preview:large","max-video-preview":"max-video-preview:-1"},"canonical":"https:\/\/choralies.fr\/en\/sheet-music\/","og_locale":"en_US","og_type":"article","og_title":"Sheet music","og_description":"Sheet music Buy scores for your atelier! To make the most of your workshop at the Choralies, there&#8217;s nothing like having the scores in hand before the festival begins.They are available for purchase on the website of our partner, \u00c9ditions \u00c0 C\u0153ur Joie. \u00c9ditions \u00c0 C\u0153ur Joie.You&#8217;ll find all the works on the program, classified [&hellip;]","og_url":"https:\/\/choralies.fr\/en\/sheet-music\/","og_site_name":"Choralies 2025","article_modified_time":"2025-07-21T21:40:24+00:00","og_image":[{"width":1507,"height":502,"url":"https:\/\/choralies.fr\/wp-content\/uploads\/logo-EDACJ-transparent.png","type":"image\/png"}],"twitter_card":"summary_large_image","twitter_misc":{"Est. reading time":"1 minute"},"schema":{"@context":"https:\/\/schema.org","@graph":[{"@type":"WebPage","@id":"https:\/\/choralies.fr\/en\/sheet-music\/","url":"https:\/\/choralies.fr\/en\/sheet-music\/","name":"Sheet music - Choralies 2025","isPartOf":{"@id":"https:\/\/choralies.fr\/en\/#website"},"primaryImageOfPage":{"@id":"https:\/\/choralies.fr\/en\/sheet-music\/#primaryimage"},"image":{"@id":"https:\/\/choralies.fr\/en\/sheet-music\/#primaryimage"},"thumbnailUrl":"https:\/\/choralies.fr\/wp-content\/uploads\/logo-EDACJ-transparent-300x100.png","datePublished":"2025-05-27T13:19:06+00:00","dateModified":"2025-07-21T21:40:24+00:00","breadcrumb":{"@id":"https:\/\/choralies.fr\/en\/sheet-music\/#breadcrumb"},"inLanguage":"en-US","potentialAction":[{"@type":"ReadAction","target":["https:\/\/choralies.fr\/en\/sheet-music\/"]}]},{"@type":"ImageObject","inLanguage":"en-US","@id":"https:\/\/choralies.fr\/en\/sheet-music\/#primaryimage","url":"https:\/\/choralies.fr\/wp-content\/uploads\/logo-EDACJ-transparent-300x100.png","contentUrl":"https:\/\/choralies.fr\/wp-content\/uploads\/logo-EDACJ-transparent-300x100.png"},{"@type":"BreadcrumbList","@id":"https:\/\/choralies.fr\/en\/sheet-music\/#breadcrumb","itemListElement":[{"@type":"ListItem","position":1,"name":"Accueil","item":"https:\/\/choralies.fr\/en\/"},{"@type":"ListItem","position":2,"name":"Sheet music"}]},{"@type":"WebSite","@id":"https:\/\/choralies.fr\/en\/#website","url":"https:\/\/choralies.fr\/en\/","name":"Choralies 2025","description":"Le festival choral pas comme les autres","publisher":{"@id":"https:\/\/choralies.fr\/en\/#organization"},"potentialAction":[{"@type":"SearchAction","target":{"@type":"EntryPoint","urlTemplate":"https:\/\/choralies.fr\/en\/?s={search_term_string}"},"query-input":{"@type":"PropertyValueSpecification","valueRequired":true,"valueName":"search_term_string"}}],"inLanguage":"en-US"},{"@type":"Organization","@id":"https:\/\/choralies.fr\/en\/#organization","name":"Choralies 2025","url":"https:\/\/choralies.fr\/en\/","logo":{"@type":"ImageObject","inLanguage":"en-US","@id":"https:\/\/choralies.fr\/en\/#\/schema\/logo\/image\/","url":"","contentUrl":"","caption":"Choralies 2025"},"image":{"@id":"https:\/\/choralies.fr\/en\/#\/schema\/logo\/image\/"}}]}},"_links":{"self":[{"href":"https:\/\/choralies.fr\/en\/wp-json\/wp\/v2\/pages\/7908","targetHints":{"allow":["GET"]}}],"collection":[{"href":"https:\/\/choralies.fr\/en\/wp-json\/wp\/v2\/pages"}],"about":[{"href":"https:\/\/choralies.fr\/en\/wp-json\/wp\/v2\/types\/page"}],"author":[{"embeddable":true,"href":"https:\/\/choralies.fr\/en\/wp-json\/wp\/v2\/users\/5"}],"replies":[{"embeddable":true,"href":"https:\/\/choralies.fr\/en\/wp-json\/wp\/v2\/comments?post=7908"}],"version-history":[{"count":1,"href":"https:\/\/choralies.fr\/en\/wp-json\/wp\/v2\/pages\/7908\/revisions"}],"predecessor-version":[{"id":7909,"href":"https:\/\/choralies.fr\/en\/wp-json\/wp\/v2\/pages\/7908\/revisions\/7909"}],"wp:attachment":[{"href":"https:\/\/choralies.fr\/en\/wp-json\/wp\/v2\/media?parent=7908"}],"curies":[{"name":"wp","href":"https:\/\/api.w.org\/{rel}","templated":true}]}}